{"id":99,"date":"2015-02-04T08:29:01","date_gmt":"2015-02-04T07:29:01","guid":{"rendered":"https:\/\/salettiner.ch\/?page_id=99"},"modified":"2024-06-20T14:31:20","modified_gmt":"2024-06-20T12:31:20","slug":"heiligtum","status":"publish","type":"page","link":"https:\/\/salettiner.ch\/?page_id=99","title":{"rendered":"Heiligtum"},"content":{"rendered":"<div class=\"row\">\n<div class=\"eight columns\">Sechs Jahre nach der Erscheinung, am 19. Mai 1852, ordnete der Bischof von Grenoble, Philibert de Bruillard, an, dass an der St\u00e4tte der Erscheinung eine Kirche gebaut werde. Der Bau der Basilika erstreckte sich auf die Jahre 1852-1865.<br \/>\nDas Pilgerhaus des Heiligtums steht im Dienst der Wallfahrt, erm\u00f6glicht den Pilgern den Aufenthalt an Ort (Gruppen und einzelne, als Wallfahrer und G\u00e4ste). Die Gesamtheit der Geb\u00e4ude (Basilika, Kapelle, Hotellerie) bildet ein Ganzes, mit Zugang zu allen Orten: Gottesdienste, Zimmer, Speisesaal, Bar, Video, Andenkenladen, Versammlungen usw.<\/p>\n<p><strong>Adresse:<\/strong><br \/>\nSanctuaire de La Salette<br \/>\nR\u00e9ception<br \/>\nF-38970 La Salette<br \/>\nTel. 0033 476 30 00 11<br \/>\nFax 0033 476 30 03 65<strong><br \/>E-Mail: \u00a0\u00a0\u00a0\u00a0\u00a0\u00a0\u00a0\u00a0\u00a0\u00a0\u00a0\u00a0\u00a0\u00a0\u00a0\u00a0\u00a0\u00a0\u00a0\u00a0\u00a0\u00a0 <\/strong><a href=\"https:\/\/salettiner.ch\/old\/lasalette\/index.shtml\">infos@lasalette.cef.fr<\/a><br \/>\n<strong>Internet:\u00a0\u00a0\u00a0\u00a0\u00a0\u00a0\u00a0\u00a0\u00a0\u00a0\u00a0\u00a0\u00a0\u00a0\u00a0\u00a0\u00a0\u00a0\u00a0 <\/strong><a href=\"http:\/\/www.lasalette.cef.fr\/\">lasalette.cef.fr<\/a><\/p>\n<p><strong>Die Korrespondenz kann in deutscher Sprache gef\u00fchrt werden. <\/strong><br \/>\nDie Pilger deutscher Sprache werden in den Monaten Mai bis September von einem deutschsprachigen Pilgerkaplan begleitet.<br \/>\nDas Pilgerhaus bleibt geschlossen vom Anfang November bis Ende M\u00e4rz.<br \/>\nDie Gemeinschaft der Salettiner Patres bleibt stets im Haus und ist immer erreichbar. Die Kapelle der Begegnung ist immer offen. Jeden Sonntag findet dort eine Eucharistiefeier um 10.30 Uhr statt.<\/p>\n<p><strong>\u00a0Anfahrt<\/strong><br \/>\nDas Heiligtum Unserer Lieben Frau von La Salette liegt in Frankreich, im S\u00fcden des Departements Is\u00e8re, im Alpenmassiv, auf einer H\u00f6he von 1800 Metern, in einer bemerkenswert sch\u00f6nen Umgebung. Es kann im Sommer und im Winter auf einer guten Bergstrasse erreicht werden.<br \/>\n<strong>Mit dem PW und Bus: <\/strong>RN 85 (\u201eRoute Napol\u00e9on\u201c)<br \/>\n<strong>Von Grenoble:<\/strong> RN 85 (\u201eRoute Napol\u00e9on\u201c) nach Vizille, La Mure, Corps. In Corps links die RD 212c Richtung Notre Dame de La Salette. Grenoble-La Salette: 80 km.<br \/>\n<strong>Von Gap:<\/strong> RN 85 (\u201eRoute Napol\u00e9on\u201c) bis Corps. In Corps rechts die RD 212c Richtung Notre Dame de La Salette. Gap-La Salette: 60 km. Im Winter ist entsprechende Ausr\u00fcstung n\u00f6tig.<\/p>\n<p>&nbsp;<\/p>\n<\/div>\n<div class=\"four columns\">\n<div class=\"img-title\"><a href=\"https:\/\/salettiner.ch\/wp-content\/uploads\/2015\/02\/La-Salette-Heiligtum-1.jpg\" rel=\"lightbox[99]\"><img decoding=\"async\" loading=\"lazy\" width=\"900\" height=\"596\" class=\"alignnone size-full wp-image-959\" src=\"https:\/\/salettiner.ch\/wp-content\/uploads\/2015\/02\/La-Salette-Heiligtum-1.jpg\" alt=\"La-Salette---Heiligtum---1\" srcset=\"https:\/\/salettiner.ch\/wp-content\/uploads\/2015\/02\/La-Salette-Heiligtum-1.jpg 900w, https:\/\/salettiner.ch\/wp-content\/uploads\/2015\/02\/La-Salette-Heiligtum-1-300x198.jpg 300w\" sizes=\"(max-width: 900px) 100vw, 900px\" \/><\/a>Heiligtum-1<\/div>\n<div class=\"img-title\"><a href=\"https:\/\/salettiner.ch\/wp-content\/uploads\/2015\/02\/La-Salette-Heiligtum-2.jpg\" rel=\"lightbox[99]\"><img decoding=\"async\" loading=\"lazy\" width=\"900\" height=\"675\" class=\"alignnone size-full wp-image-960\" src=\"https:\/\/salettiner.ch\/wp-content\/uploads\/2015\/02\/La-Salette-Heiligtum-2.jpg\" alt=\"La-Salette---Heiligtum---2\" srcset=\"https:\/\/salettiner.ch\/wp-content\/uploads\/2015\/02\/La-Salette-Heiligtum-2.jpg 900w, https:\/\/salettiner.ch\/wp-content\/uploads\/2015\/02\/La-Salette-Heiligtum-2-300x225.jpg 300w\" sizes=\"(max-width: 900px) 100vw, 900px\" \/><\/a>Heiligtum-2<\/div>\n<div class=\"img-title\"><a href=\"https:\/\/salettiner.ch\/wp-content\/uploads\/2015\/02\/La-Salette-Heiligtum-3.jpg\" rel=\"lightbox[99]\"><img decoding=\"async\" loading=\"lazy\" width=\"900\" height=\"596\" class=\"alignnone size-full wp-image-961\" src=\"https:\/\/salettiner.ch\/wp-content\/uploads\/2015\/02\/La-Salette-Heiligtum-3.jpg\" alt=\"La-Salette---Heiligtum---3\" srcset=\"https:\/\/salettiner.ch\/wp-content\/uploads\/2015\/02\/La-Salette-Heiligtum-3.jpg 900w, https:\/\/salettiner.ch\/wp-content\/uploads\/2015\/02\/La-Salette-Heiligtum-3-300x198.jpg 300w\" sizes=\"(max-width: 900px) 100vw, 900px\" \/><\/a>Heiligtum-3<\/div>\n<div class=\"img-title\"><a href=\"https:\/\/salettiner.ch\/wp-content\/uploads\/2015\/02\/La-Salette-Heiligtum6.jpg\" rel=\"lightbox[99]\"><img decoding=\"async\" loading=\"lazy\" width=\"199\" height=\"300\" class=\"alignnone size-medium wp-image-1043\" src=\"https:\/\/salettiner.ch\/wp-content\/uploads\/2015\/02\/La-Salette-Heiligtum6-199x300.jpg\" alt=\"La Salette - Heiligtum6\" srcset=\"https:\/\/salettiner.ch\/wp-content\/uploads\/2015\/02\/La-Salette-Heiligtum6-199x300.jpg 199w, https:\/\/salettiner.ch\/wp-content\/uploads\/2015\/02\/La-Salette-Heiligtum6-680x1024.jpg 680w, https:\/\/salettiner.ch\/wp-content\/uploads\/2015\/02\/La-Salette-Heiligtum6.jpg 2000w\" sizes=\"(max-width: 199px) 100vw, 199px\" \/><\/a>Heiligtum-4<\/div>\n<\/div>\n<p><iframe loading=\"lazy\" src=\"https:\/\/www.google.pl\/maps?f=q&amp;source=s_q&amp;hl=pl&amp;q=38970+La+Salette-Fallavaux,+Is%C3%A8re,+Rodan-Alpy,+Francja&amp;aq=&amp;sll=52.025459,19.204102&amp;sspn=7.899667,21.643066&amp;t=m&amp;ie=UTF8&amp;geocode=FQMGrAIdX1RaAA&amp;split=0&amp;hq=&amp;hnear=La+Salette-Fallavaux,+Is%C3%A8re,+Rodan-Alpy,+Francja&amp;ll=44.833631,5.993834&amp;spn=0.142211,0.338173&amp;z=12&amp;output=embed\" width=\"100%25\" height=\"350\" frameborder=\"0\" marginwidth=\"0\" marginheight=\"0\" scrolling=\"no\"><\/iframe><br \/>\n<small><a style=\"color: #0000ff; text-align: left;\" href=\"https:\/\/www.google.pl\/maps?f=q&amp;source=embed&amp;hl=pl&amp;q=38970+La+Salette-Fallavaux,+Is%C3%A8re,+Rodan-Alpy,+Francja&amp;aq=&amp;sll=52.025459,19.204102&amp;sspn=7.899667,21.643066&amp;t=m&amp;ie=UTF8&amp;geocode=FQMGrAIdX1RaAA&amp;split=0&amp;hq=&amp;hnear=La+Salette-Fallavaux,+Is%C3%A8re,+Rodan-Alpy,+Francja&amp;ll=44.833631,5.993834&amp;spn=0.142211,0.338173&amp;z=12\">Wy\u015bwietl wi\u0119ksz\u0105 map\u0119<\/a><\/small><\/p>\n<\/div>\n","protected":false},"excerpt":{"rendered":"<p>Sechs Jahre nach der Erscheinung, am 19. Mai 1852, ordnete der Bischof von Grenoble, Philibert de Bruillard, an, dass an der St\u00e4tte der Erscheinung eine Kirche gebaut werde. Der Bau der Basilika erstreckte sich auf die Jahre 1852-1865. Das Pilgerhaus des Heiligtums steht im Dienst der Wallfahrt, erm\u00f6glicht den Pilgern den Aufenthalt an Ort (Gruppen [&hellip;]<\/p>\n","protected":false},"author":1,"featured_media":0,"parent":9,"menu_order":0,"comment_status":"open","ping_status":"open","template":"","meta":{"_bbp_topic_count":0,"_bbp_reply_count":0,"_bbp_total_topic_count":0,"_bbp_total_reply_count":0,"_bbp_voice_count":0,"_bbp_anonymous_reply_count":0,"_bbp_topic_count_hidden":0,"_bbp_reply_count_hidden":0,"_bbp_forum_subforum_count":0,"_monsterinsights_skip_tracking":false,"_monsterinsights_sitenote_active":false,"_monsterinsights_sitenote_note":"","_monsterinsights_sitenote_category":0},"_links":{"self":[{"href":"https:\/\/salettiner.ch\/index.php?rest_route=\/wp\/v2\/pages\/99"}],"collection":[{"href":"https:\/\/salettiner.ch\/index.php?rest_route=\/wp\/v2\/pages"}],"about":[{"href":"https:\/\/salettiner.ch\/index.php?rest_route=\/wp\/v2\/types\/page"}],"author":[{"embeddable":true,"href":"https:\/\/salettiner.ch\/index.php?rest_route=\/wp\/v2\/users\/1"}],"replies":[{"embeddable":true,"href":"https:\/\/salettiner.ch\/index.php?rest_route=%2Fwp%2Fv2%2Fcomments&post=99"}],"version-history":[{"count":33,"href":"https:\/\/salettiner.ch\/index.php?rest_route=\/wp\/v2\/pages\/99\/revisions"}],"predecessor-version":[{"id":5963,"href":"https:\/\/salettiner.ch\/index.php?rest_route=\/wp\/v2\/pages\/99\/revisions\/5963"}],"up":[{"embeddable":true,"href":"https:\/\/salettiner.ch\/index.php?rest_route=\/wp\/v2\/pages\/9"}],"wp:attachment":[{"href":"https:\/\/salettiner.ch\/index.php?rest_route=%2Fwp%2Fv2%2Fmedia&parent=99"}],"curies":[{"name":"wp","href":"https:\/\/api.w.org\/{rel}","templated":true}]}}