{"id":93,"date":"2015-02-04T08:28:24","date_gmt":"2015-02-04T07:28:24","guid":{"rendered":"https:\/\/salettiner.ch\/?page_id=93"},"modified":"2017-01-27T11:39:49","modified_gmt":"2017-01-27T10:39:49","slug":"zeugen","status":"publish","type":"page","link":"https:\/\/salettiner.ch\/?page_id=93","title":{"rendered":"Zeugen"},"content":{"rendered":"<div class=\"row\">\n<div class=\"eight columns\">\nDer lebendige, unbeschwerte Junge ist elf Jahre alt. Er hei\u00dft Maximin Giraud und hat eine Woche lang die Stelle eines kranken Viehhirten eingenommen. Das M\u00e4dchen, Melanie Calvat, wird bald f\u00fcnfzehn. Sie steht bereits seit f\u00fcnf Jahren auf den Bauernh\u00f6fen der Umgebung im Dienst und ist sch\u00fcchtern und schweigsam. Die Kinder haben aber einiges gemeinsam. Sie sind beide in Corps geboren, wo ihre Familien noch immer wohnen, kennen sich jedoch infolge der dauernden Ortsabwesenheit der Hirtin Melanie nicht. Beide sprechen den \u00f6rtlichen Dialekt und nur gebrochen Franz\u00f6sisch. Beide besuchten weder den Schul\u2011 noch den Religionsunterricht. Sie k\u00f6nnen weder lesen noch schreiben.<\/p>\n<p>Die Erscheinung vom 19. September 1846, die etwa einen halbe Stunde dauerte, war die einzige, die die beiden Kinder in ihrem Leben gehabt haben. Beide bleiben dieser Erscheinung und dieser Botschaft treu bis zum Ende ihres Lebens.\n<\/p><\/div>\n<div class=\"four columns\">\n<div class=\"img-title\"><a href=\"https:\/\/salettiner.ch\/wp-content\/uploads\/2015\/02\/La-Salette-Zeugen-1.jpg\" rel=\"lightbox[93]\"><img decoding=\"async\" loading=\"lazy\" width=\"422\" height=\"600\" src=\"https:\/\/salettiner.ch\/wp-content\/uploads\/2015\/02\/La-Salette-Zeugen-1.jpg\" alt=\"La-Salette---Zeugen---1\"   class=\"alignnone size-full wp-image-963\" srcset=\"https:\/\/salettiner.ch\/wp-content\/uploads\/2015\/02\/La-Salette-Zeugen-1.jpg 422w, https:\/\/salettiner.ch\/wp-content\/uploads\/2015\/02\/La-Salette-Zeugen-1-211x300.jpg 211w\" sizes=\"(max-width: 422px) 100vw, 422px\" \/><\/a><span>Maximin und Melanie<\/span><\/div>\n<\/div>\n<\/div>\n","protected":false},"excerpt":{"rendered":"<p>Der lebendige, unbeschwerte Junge ist elf Jahre alt. Er hei\u00dft Maximin Giraud und hat eine Woche lang die Stelle eines kranken Viehhirten eingenommen. Das M\u00e4dchen, Melanie Calvat, wird bald f\u00fcnfzehn. Sie steht bereits seit f\u00fcnf Jahren auf den Bauernh\u00f6fen der Umgebung im Dienst und ist sch\u00fcchtern und schweigsam. Die Kinder haben aber einiges gemeinsam. Sie [&hellip;]<\/p>\n","protected":false},"author":1,"featured_media":0,"parent":9,"menu_order":0,"comment_status":"open","ping_status":"open","template":"","meta":{"_bbp_topic_count":0,"_bbp_reply_count":0,"_bbp_total_topic_count":0,"_bbp_total_reply_count":0,"_bbp_voice_count":0,"_bbp_anonymous_reply_count":0,"_bbp_topic_count_hidden":0,"_bbp_reply_count_hidden":0,"_bbp_forum_subforum_count":0,"_monsterinsights_skip_tracking":false,"_monsterinsights_sitenote_active":false,"_monsterinsights_sitenote_note":"","_monsterinsights_sitenote_category":0},"_links":{"self":[{"href":"https:\/\/salettiner.ch\/index.php?rest_route=\/wp\/v2\/pages\/93"}],"collection":[{"href":"https:\/\/salettiner.ch\/index.php?rest_route=\/wp\/v2\/pages"}],"about":[{"href":"https:\/\/salettiner.ch\/index.php?rest_route=\/wp\/v2\/types\/page"}],"author":[{"embeddable":true,"href":"https:\/\/salettiner.ch\/index.php?rest_route=\/wp\/v2\/users\/1"}],"replies":[{"embeddable":true,"href":"https:\/\/salettiner.ch\/index.php?rest_route=%2Fwp%2Fv2%2Fcomments&post=93"}],"version-history":[{"count":10,"href":"https:\/\/salettiner.ch\/index.php?rest_route=\/wp\/v2\/pages\/93\/revisions"}],"predecessor-version":[{"id":2519,"href":"https:\/\/salettiner.ch\/index.php?rest_route=\/wp\/v2\/pages\/93\/revisions\/2519"}],"up":[{"embeddable":true,"href":"https:\/\/salettiner.ch\/index.php?rest_route=\/wp\/v2\/pages\/9"}],"wp:attachment":[{"href":"https:\/\/salettiner.ch\/index.php?rest_route=%2Fwp%2Fv2%2Fmedia&parent=93"}],"curies":[{"name":"wp","href":"https:\/\/api.w.org\/{rel}","templated":true}]}}