{"id":9,"date":"2015-01-29T12:08:55","date_gmt":"2015-01-29T11:08:55","guid":{"rendered":"https:\/\/salettiner.ch\/?page_id=9"},"modified":"2015-05-07T11:59:13","modified_gmt":"2015-05-07T09:59:13","slug":"la-salette","status":"publish","type":"page","link":"https:\/\/salettiner.ch\/?page_id=9","title":{"rendered":"La Salette"},"content":{"rendered":"<div class=\"row\">\n<div class=\"eight columns\">\nUrspr\u00fcnglich ist La Salette ein unbekanntes Dorf, tief in einem vergessenen Tal der franz\u00f6sischen Alpen gelegen. Ungef\u00e4hr zw\u00f6lf Weiler klammern sich an die unteren H\u00e4nge eines Bergkessels, der in mehr als 2&#8217;200 Meter hinauff\u00fchrt. Wildb\u00e4che st\u00fcrzen die H\u00e4nge hinab und fliessen in einer d\u00fcsteren, gewundenen Schlucht zusammen. Der Marktflecken Corps wacht \u00fcber den Ausgang und die Verbindung zur grossen Strasse. Der Ort scheint also durch nichts vorherbestimmt gewesen zu sein, weltweit bekannt zu werden.<\/p>\n<p>La Salette ist heute als Marienwallfahrtsort international bekannt. Auf 1800 m \u00fc. M., mitten in einer grossartigen Bergwelt, bietet er die M\u00f6glichkeit, in der Stille zu sich selbst und zu Gott zu finden, geleitet von den ernsten und ermutigenden Worten, die Maria hier gesprochen hat. Von der Animations-Equipe (Patres, Schwestern, Laien) wird in den verschiedenen Sprachen ein breites Programm angeboten, die Zeit des Aufenthaltes sinnvoll und eindr\u00fccklich zu gestalten.<\/p><\/div>\n<div class=\"four columns\">\n<div class=\"img-title\"><a href=\"https:\/\/salettiner.ch\/wp-content\/uploads\/2015\/01\/La-Salette-La-Salette-1.jpg\" rel=\"lightbox[9]\"><img decoding=\"async\" loading=\"lazy\" width=\"900\" height=\"598\" src=\"https:\/\/salettiner.ch\/wp-content\/uploads\/2015\/01\/La-Salette-La-Salette-1.jpg\" alt=\"La-Salette---La-Salette---1\"   class=\"alignnone size-full wp-image-954\" srcset=\"https:\/\/salettiner.ch\/wp-content\/uploads\/2015\/01\/La-Salette-La-Salette-1.jpg 900w, https:\/\/salettiner.ch\/wp-content\/uploads\/2015\/01\/La-Salette-La-Salette-1-300x199.jpg 300w\" sizes=\"(max-width: 900px) 100vw, 900px\" \/><\/a><span>La Salette-1<\/span><\/div>\n<div class=\"img-title\"><a href=\"https:\/\/salettiner.ch\/wp-content\/uploads\/2015\/01\/La-Salette-La-Salette-2.jpg\" rel=\"lightbox[9]\"><img decoding=\"async\" loading=\"lazy\" width=\"900\" height=\"675\" src=\"https:\/\/salettiner.ch\/wp-content\/uploads\/2015\/01\/La-Salette-La-Salette-2.jpg\" alt=\"La-Salette---La-Salette---2\"   class=\"alignnone size-full wp-image-955\" srcset=\"https:\/\/salettiner.ch\/wp-content\/uploads\/2015\/01\/La-Salette-La-Salette-2.jpg 900w, https:\/\/salettiner.ch\/wp-content\/uploads\/2015\/01\/La-Salette-La-Salette-2-300x225.jpg 300w\" sizes=\"(max-width: 900px) 100vw, 900px\" \/><\/a><span>La Salette-2<\/span><\/div>\n<\/div>\n<\/div>\n","protected":false},"excerpt":{"rendered":"<p>Urspr\u00fcnglich ist La Salette ein unbekanntes Dorf, tief in einem vergessenen Tal der franz\u00f6sischen Alpen gelegen. Ungef\u00e4hr zw\u00f6lf Weiler klammern sich an die unteren H\u00e4nge eines Bergkessels, der in mehr als 2&#8217;200 Meter hinauff\u00fchrt. Wildb\u00e4che st\u00fcrzen die H\u00e4nge hinab und fliessen in einer d\u00fcsteren, gewundenen Schlucht zusammen. Der Marktflecken Corps wacht \u00fcber den Ausgang und [&hellip;]<\/p>\n","protected":false},"author":1,"featured_media":0,"parent":0,"menu_order":2,"comment_status":"open","ping_status":"open","template":"","meta":{"_bbp_topic_count":0,"_bbp_reply_count":0,"_bbp_total_topic_count":0,"_bbp_total_reply_count":0,"_bbp_voice_count":0,"_bbp_anonymous_reply_count":0,"_bbp_topic_count_hidden":0,"_bbp_reply_count_hidden":0,"_bbp_forum_subforum_count":0,"_monsterinsights_skip_tracking":false,"_monsterinsights_sitenote_active":false,"_monsterinsights_sitenote_note":"","_monsterinsights_sitenote_category":0},"_links":{"self":[{"href":"https:\/\/salettiner.ch\/index.php?rest_route=\/wp\/v2\/pages\/9"}],"collection":[{"href":"https:\/\/salettiner.ch\/index.php?rest_route=\/wp\/v2\/pages"}],"about":[{"href":"https:\/\/salettiner.ch\/index.php?rest_route=\/wp\/v2\/types\/page"}],"author":[{"embeddable":true,"href":"https:\/\/salettiner.ch\/index.php?rest_route=\/wp\/v2\/users\/1"}],"replies":[{"embeddable":true,"href":"https:\/\/salettiner.ch\/index.php?rest_route=%2Fwp%2Fv2%2Fcomments&post=9"}],"version-history":[{"count":7,"href":"https:\/\/salettiner.ch\/index.php?rest_route=\/wp\/v2\/pages\/9\/revisions"}],"predecessor-version":[{"id":988,"href":"https:\/\/salettiner.ch\/index.php?rest_route=\/wp\/v2\/pages\/9\/revisions\/988"}],"wp:attachment":[{"href":"https:\/\/salettiner.ch\/index.php?rest_route=%2Fwp%2Fv2%2Fmedia&parent=9"}],"curies":[{"name":"wp","href":"https:\/\/api.w.org\/{rel}","templated":true}]}}