{"id":89,"date":"2015-02-04T08:27:23","date_gmt":"2015-02-04T07:27:23","guid":{"rendered":"https:\/\/salettiner.ch\/?page_id=89"},"modified":"2024-06-20T14:29:52","modified_gmt":"2024-06-20T12:29:52","slug":"erscheinung-marias","status":"publish","type":"page","link":"https:\/\/salettiner.ch\/?page_id=89","title":{"rendered":"Erscheinung Marias"},"content":{"rendered":"<div class=\"row\">\n<div class=\"eight columns\">\n<p>Es ist der 19. September 1846. Auf einer einsamen Alp \u00fcber\u00a0La Salette h\u00fcten zwei Kinder aus Corps, der 11j\u00e4hrige Maximin Giraud und die 15j\u00e4hrige Melanie Calvat, ihre Kuhherden. Pl\u00f6tzlich erblicken sie in der kleinen Mulde eine Feuerkugel, die leuchtet wie die Sonne, und darin immer deutlicher eine frauliche Gestalt, die auf einem Steinblock sitzt, das Gesicht in den H\u00e4nden vergraben h\u00e4lt \u2013 und weint. Dann steht sie auf, geht einige Schritte auf die Kinder zu und diese ihrerseits kommen den Hang herunter und treten ganz nahe heran. So k\u00f6nnen sie die Gestalt genau sehen. Sie ist gross und strahlt in hellem Licht. Sie tr\u00e4gt ein langes, weisses Gewand, eine goldgelbe Sch\u00fcrze, ein Halstuch und eine einfache Haube. Auf ihrem Haupt leuchtet ein Diadem und auf ihrer Brust ein Kreuz mit Hammer und Zange auf dem Querbalken. Aller Lichtglanz geht von diesem Kreuz aus. Wer ist sie? Die Kinder wissen es nicht. Sie sprechen sp\u00e4ter immer von der &#8222;Belle Dame&#8221;, der sch\u00f6nen Frau. Dann teilt Maria den beiden Zeugen ihre grosse Botschaft mit, zuerst auf Franz\u00f6sisch, dann im Dialekt der Gegend.Sie vertraut auch Maximin und Melanie je ein Geheimnis an. Die wurden sp\u00e4ter durch die Kinder dem Papst \u00fcbermittelt, jedoch nie ver\u00f6ffentlicht.<\/p>\n<p>Dann geht Maria von den Kindern weg, schreitet den Hang hinauf, wendet sich nochmals um und beauftragt sie, ihre Botschaft dem ganzen Volk mitzuteilen. Die Kinder eilen ihr nach. Auf der kleinen Anh\u00f6he schwebt sie empor. Dann &#8222;schmilzt sie im Licht&#8221;, sagen die Kinder, die noch lange emporblicken, aber nichts mehr sehen als den blauen Himmel. Die Kinder erf\u00fcllen den Auftrag der Weinenden Mutter. Die Pilger str\u00f6men nach La Salette und es reifen die ersten Fr\u00fcchte der Bekehrung und der Vers\u00f6hnung.<\/p>\n<p>Der zust\u00e4ndige Bischof von Grenoble, Philibert de Bruillard, veranlasste eine &#8222;genaue und strenge Pr\u00fcfung des Ereignisses, der Zeugen, der Botschaft und ihres Widerhalls&#8221; und sprach zum f\u00fcnften Jahrestag der Erscheinung in einem Hirtenschreiben die offizielle Anerkennung aus. Der entscheidende Satz darin: &#8222;Wir erkl\u00e4ren, dass die Erscheinung der Allerseligsten Jungfrau \u2026 in der Pfarrei La Salette \u2026 am 19. September 1846 \u2026 alle Merkmale der Echtheit aufweist und dass die Gl\u00e4ubigen berechtigt sind, sie als unzweifelhaft und sicher anzunehmen.&#8221; Der Auftrag ergeht an alle, die von La Salette Kunde erhalten: &#8222;Teilt dies meinem ganzen Volke mit&#8221;, diese Botschaft und diesen Geist der Vers\u00f6hnung.<\/p>\n<\/div>\n<div class=\"four columns\">\n<div class=\"img-title\"><a href=\"https:\/\/salettiner.ch\/wp-content\/uploads\/2015\/02\/La-Salette-Erscheinung-Marias-2.jpg\" rel=\"lightbox[89]\"><img decoding=\"async\" loading=\"lazy\" width=\"900\" height=\"675\" class=\"alignnone size-full wp-image-968\" src=\"https:\/\/salettiner.ch\/wp-content\/uploads\/2015\/02\/La-Salette-Erscheinung-Marias-2.jpg\" alt=\"La-Salette---Erscheinung-Marias---2\" srcset=\"https:\/\/salettiner.ch\/wp-content\/uploads\/2015\/02\/La-Salette-Erscheinung-Marias-2.jpg 900w, https:\/\/salettiner.ch\/wp-content\/uploads\/2015\/02\/La-Salette-Erscheinung-Marias-2-300x225.jpg 300w\" sizes=\"(max-width: 900px) 100vw, 900px\" \/><\/a>Die Botschaft Marias<\/div>\n<div class=\"img-title\"><a href=\"https:\/\/salettiner.ch\/wp-content\/uploads\/2015\/02\/La-Salette-Erscheinung-Marias-1.jpg\" rel=\"lightbox[89]\"><img decoding=\"async\" loading=\"lazy\" class=\"alignnone wp-image-967 size-full\" src=\"https:\/\/salettiner.ch\/wp-content\/uploads\/2015\/02\/La-Salette-Erscheinung-Marias-1-199x300.jpg\" alt=\"La-Salette---Erscheinung-Marias---1\" width=\"199\" height=\"300\" srcset=\"https:\/\/salettiner.ch\/wp-content\/uploads\/2015\/02\/La-Salette-Erscheinung-Marias-1-199x300.jpg 199w, https:\/\/salettiner.ch\/wp-content\/uploads\/2015\/02\/La-Salette-Erscheinung-Marias-1-680x1024.jpg 680w, https:\/\/salettiner.ch\/wp-content\/uploads\/2015\/02\/La-Salette-Erscheinung-Marias-1.jpg 900w\" sizes=\"(max-width: 199px) 100vw, 199px\" \/><\/a>Die Erscheinungsst\u00e4tte<\/div>\n<div class=\"img-title\"><a href=\"https:\/\/salettiner.ch\/wp-content\/uploads\/2015\/02\/La-Salette-Erscheinung-Marias.jpg\" rel=\"lightbox[89]\"><img decoding=\"async\" loading=\"lazy\" width=\"900\" height=\"598\" class=\"alignnone size-full wp-image-1019\" src=\"https:\/\/salettiner.ch\/wp-content\/uploads\/2015\/02\/La-Salette-Erscheinung-Marias.jpg\" alt=\"La Salette - Erscheinung Marias\" srcset=\"https:\/\/salettiner.ch\/wp-content\/uploads\/2015\/02\/La-Salette-Erscheinung-Marias.jpg 900w, https:\/\/salettiner.ch\/wp-content\/uploads\/2015\/02\/La-Salette-Erscheinung-Marias-300x199.jpg 300w\" sizes=\"(max-width: 900px) 100vw, 900px\" \/><\/a>Die Sch\u00f6ne Frau<\/div>\n<\/div>\n<\/div>\n","protected":false},"excerpt":{"rendered":"<p>Es ist der 19. September 1846. Auf einer einsamen Alp \u00fcber\u00a0La Salette h\u00fcten zwei Kinder aus Corps, der 11j\u00e4hrige Maximin Giraud und die 15j\u00e4hrige Melanie Calvat, ihre Kuhherden. Pl\u00f6tzlich erblicken sie in der kleinen Mulde eine Feuerkugel, die leuchtet wie die Sonne, und darin immer deutlicher eine frauliche Gestalt, die auf einem Steinblock sitzt, das [&hellip;]<\/p>\n","protected":false},"author":1,"featured_media":0,"parent":9,"menu_order":0,"comment_status":"open","ping_status":"open","template":"","meta":{"_bbp_topic_count":0,"_bbp_reply_count":0,"_bbp_total_topic_count":0,"_bbp_total_reply_count":0,"_bbp_voice_count":0,"_bbp_anonymous_reply_count":0,"_bbp_topic_count_hidden":0,"_bbp_reply_count_hidden":0,"_bbp_forum_subforum_count":0,"_monsterinsights_skip_tracking":false,"_monsterinsights_sitenote_active":false,"_monsterinsights_sitenote_note":"","_monsterinsights_sitenote_category":0},"_links":{"self":[{"href":"https:\/\/salettiner.ch\/index.php?rest_route=\/wp\/v2\/pages\/89"}],"collection":[{"href":"https:\/\/salettiner.ch\/index.php?rest_route=\/wp\/v2\/pages"}],"about":[{"href":"https:\/\/salettiner.ch\/index.php?rest_route=\/wp\/v2\/types\/page"}],"author":[{"embeddable":true,"href":"https:\/\/salettiner.ch\/index.php?rest_route=\/wp\/v2\/users\/1"}],"replies":[{"embeddable":true,"href":"https:\/\/salettiner.ch\/index.php?rest_route=%2Fwp%2Fv2%2Fcomments&post=89"}],"version-history":[{"count":31,"href":"https:\/\/salettiner.ch\/index.php?rest_route=\/wp\/v2\/pages\/89\/revisions"}],"predecessor-version":[{"id":5959,"href":"https:\/\/salettiner.ch\/index.php?rest_route=\/wp\/v2\/pages\/89\/revisions\/5959"}],"up":[{"embeddable":true,"href":"https:\/\/salettiner.ch\/index.php?rest_route=\/wp\/v2\/pages\/9"}],"wp:attachment":[{"href":"https:\/\/salettiner.ch\/index.php?rest_route=%2Fwp%2Fv2%2Fmedia&parent=89"}],"curies":[{"name":"wp","href":"https:\/\/api.w.org\/{rel}","templated":true}]}}