{"id":4192,"date":"2020-02-04T13:37:05","date_gmt":"2020-02-04T12:37:05","guid":{"rendered":"https:\/\/salettiner.ch\/?page_id=4192"},"modified":"2025-02-07T14:46:37","modified_gmt":"2025-02-07T13:46:37","slug":"pfingsttreffen","status":"publish","type":"page","link":"https:\/\/salettiner.ch\/?page_id=4192","title":{"rendered":"Pfingsttreffen"},"content":{"rendered":"<p><strong>Wir laden alle in die Untere Waid, M\u00f6rschwil zum Pfingsttreffen ganz herzlich ein. Gemeinsam mit dem grossen Pfingstfest \/ Fest der Jugend der Loretto-Gemeinschaft in Salzburg, das nun gleichzeitig an \u00fcber 30 Orten im ganzen deutschsprachigen Raum stattfindet \u2013 auch bei uns in M\u00f6rschwil! Das Thema dieses Treffens ist \u00abgeisterf\u00fcllt\u00bb. Wir gehen ihm mit spannenden Zeugnissen, Vortr\u00e4gen, Workshops, stimmigem Lobpreis, gelebter Gemeinschaft und dem Feiern der Sakramente nach. Gerne \u00f6ffnen wir uns f\u00fcr die befreiende Kraft des Heiligen Geistes, der uns in die Freihit der Kinder Gottes f\u00fchrt. Melde dich schon heute an und lass Pfingsten geschehen! Damit das Feuer des Heiligen Geistes \u00fcberall neu zu brennen beginnt, auch in der Region St. Gallen! Weitere Infos findest du unter Wichtige Infos oder auf pfingsten.at\/st.gallen<\/strong><\/p>\n<p><strong>Wir freuen uns auf dich!<\/strong><\/p>\n","protected":false},"excerpt":{"rendered":"<p>Wir laden alle in die Untere Waid, M\u00f6rschwil zum Pfingsttreffen ganz herzlich ein. Gemeinsam mit dem grossen Pfingstfest \/ Fest der Jugend der Loretto-Gemeinschaft in Salzburg, das nun gleichzeitig an \u00fcber 30 Orten im ganzen deutschsprachigen Raum stattfindet \u2013 auch bei uns in M\u00f6rschwil! Das Thema dieses Treffens ist \u00abgeisterf\u00fcllt\u00bb. Wir gehen ihm mit spannenden [&hellip;]<\/p>\n","protected":false},"author":4,"featured_media":4235,"parent":0,"menu_order":0,"comment_status":"closed","ping_status":"closed","template":"","meta":{"_bbp_topic_count":0,"_bbp_reply_count":0,"_bbp_total_topic_count":0,"_bbp_total_reply_count":0,"_bbp_voice_count":0,"_bbp_anonymous_reply_count":0,"_bbp_topic_count_hidden":0,"_bbp_reply_count_hidden":0,"_bbp_forum_subforum_count":0,"_monsterinsights_skip_tracking":false,"_monsterinsights_sitenote_active":false,"_monsterinsights_sitenote_note":"","_monsterinsights_sitenote_category":0},"_links":{"self":[{"href":"https:\/\/salettiner.ch\/index.php?rest_route=\/wp\/v2\/pages\/4192"}],"collection":[{"href":"https:\/\/salettiner.ch\/index.php?rest_route=\/wp\/v2\/pages"}],"about":[{"href":"https:\/\/salettiner.ch\/index.php?rest_route=\/wp\/v2\/types\/page"}],"author":[{"embeddable":true,"href":"https:\/\/salettiner.ch\/index.php?rest_route=\/wp\/v2\/users\/4"}],"replies":[{"embeddable":true,"href":"https:\/\/salettiner.ch\/index.php?rest_route=%2Fwp%2Fv2%2Fcomments&post=4192"}],"version-history":[{"count":19,"href":"https:\/\/salettiner.ch\/index.php?rest_route=\/wp\/v2\/pages\/4192\/revisions"}],"predecessor-version":[{"id":6197,"href":"https:\/\/salettiner.ch\/index.php?rest_route=\/wp\/v2\/pages\/4192\/revisions\/6197"}],"wp:featuredmedia":[{"embeddable":true,"href":"https:\/\/salettiner.ch\/index.php?rest_route=\/wp\/v2\/media\/4235"}],"wp:attachment":[{"href":"https:\/\/salettiner.ch\/index.php?rest_route=%2Fwp%2Fv2%2Fmedia&parent=4192"}],"curies":[{"name":"wp","href":"https:\/\/api.w.org\/{rel}","templated":true}]}}