{"id":3481,"date":"2018-10-23T20:43:07","date_gmt":"2018-10-23T18:43:07","guid":{"rendered":"https:\/\/salettiner.ch\/?page_id=3481"},"modified":"2024-06-20T14:39:08","modified_gmt":"2024-06-20T12:39:08","slug":"statuten","status":"publish","type":"page","link":"https:\/\/salettiner.ch\/?page_id=3481","title":{"rendered":"Statuten"},"content":{"rendered":"<h4 style=\"text-align: center;\"><strong>Statuten des Vereins<\/strong><br \/>\n<strong>La Salette-Familie<\/strong><\/h4>\n<p>&nbsp;<\/p>\n<p style=\"text-align: center;\"><strong>Pr\u00e4ambel<\/strong><\/p>\n<p>Jede und jeder ist ein Kind Gottes. Durch die Taufe sind wir f\u00fcreinander Schwestern und Br\u00fcder. Maria ist unsere Mutter im Glauben und im Leben. Sie ist unsere F\u00fcrsprecherin bei ihrem Sohn Jesus Christus.\u00a0Zusammen mit Maria wollen wir Gott das Magnifikat singen, weil er Gro\u00dfes an uns getan hat.<\/p>\n<p style=\"text-align: center;\"><strong>Name, Sitz und Dauer<\/strong><\/p>\n<p>Art. 1 Unter der Bezeichnung La Salette-Familie besteht ein Verein im Sinne von Art. 60-79 ZGB, mit Sitz in M\u00f6rschwil. Er ist politisch neutral.<br \/>\nDie Dauer des Vereins ist unbeschr\u00e4nkt.<\/p>\n<p style=\"text-align: center;\"><strong>Zweck<\/strong><\/p>\n<p>Art. 2 Der Verein bezweckt<br \/>\na) die F\u00f6rderung des christlichen Lebens nach der salettinischen Spiritualit\u00e4t.<br \/>\nb) die Unterst\u00fctzung der Missionare von La Salette.<br \/>\nc) die Zusammenarbeit mit den Salettiner bei all ihren Werken.<br \/>\nd) die Sorge um den famili\u00e4ren Geist all seiner Mitglieder und dar\u00fcber hinaus.<\/p>\n<p style=\"text-align: center;\"><strong>Mitgliedschaft<\/strong><\/p>\n<p>Art. 3 Mitglied des Vereins kann jedermann werden, der dessen Ziele unterst\u00fctzt<br \/>\nund sich zur Leistung eines Beitrages verpflichtet.<br \/>\nDie Mitgliedschaft wird erlangt oder beendet auf eine schriftliche oder m\u00fcndliche Erkl\u00e4rung hin.<\/p>\n<p style=\"text-align: center;\"><strong>Mittel<\/strong><\/p>\n<p>Art. 4 Die Einnahmen des Vereins bestehen vor allem aus:<br \/>\na) Mitgliederbeitr\u00e4gen<br \/>\nb) Spenden, Verm\u00e4chtnissen<br \/>\nDer Jahresbeitrag wird von der Vereinsversammlung festgelegt und betr\u00e4gt gegenw\u00e4rtig 30.- CHF (30.- \u20ac) f\u00fcr ein Mitglied, f\u00fcr ein Ehepaar oder f\u00fcr eine Familie.<br \/>\nDer Vorstand ist vom Jahresbeitrag befreit.<\/p>\n<p style=\"text-align: center;\"><strong>Haftung<\/strong><\/p>\n<p>Art. 5 F\u00fcr die Verbindlichkeit des Vereins haftet nur das Vereinsverm\u00f6gen. Jede pers\u00f6nliche Haftbarkeit der Vereinsmitglieder ist ausgeschlossen. Andererseits hat kein Vereinsmitglied Anteil am Vereinsverm\u00f6gen.<\/p>\n<p style=\"text-align: center;\"><strong>Organe<\/strong><\/p>\n<p>Art. 6 Die Organe des Vereins sind:<br \/>\na) die Vereinsversammlung<br \/>\nb) der Vorstand<br \/>\nc) die Revisionsstelle<\/p>\n<p style=\"text-align: center;\"><strong>Vereinsversammlung<\/strong><\/p>\n<p>Art. 7 Jedes Mitglied ist berechtigt, an der Vereinsversammlung teilzunehmen.<br \/>\nEine Vereinsversammlung ist abzuhalten:<br \/>\na) als ordentliche Vereinsversammlung einmal pro Jahr<br \/>\nb) als au\u00dferordentliche Vereinsversammlung auf Beschluss des Vorstandes oder auf Verlangen von einem F\u00fcnftel der Vereinsmitglieder.<\/p>\n<p>Die Einberufung zur Mitgliederversammlung erfolgt sp\u00e4testens 14 Tage vor dem Versammlungstermin durch eine schriftliche Einladung an alle Mitglieder. Die Einladung enth\u00e4lt Ort, Tag und Zeit sowie die Tagesordnung der Mitgliederversammlung.<br \/>\nJedes Mitglied ist berechtigt, bis f\u00fcnf Tage vor dem Versammlungstermin einen zus\u00e4tzlichen Antrag auf die Tagesordnung setzen zu lassen. Er ist schriftlich an den Pr\u00e4sidenten einzureichen.<br \/>\nDie Mitgliederversammlung wird vom Pr\u00e4sidenten oder einem anderen Vorstandsmitglied geleitet.<br \/>\n\u00dcber ihre Gesch\u00e4fte ist ein Protokoll zu f\u00fchren.<\/p>\n<p style=\"text-align: center;\"><strong>Aufgaben der Vereinsversammlung<\/strong><\/p>\n<p>Art. 8 Die Vereinsversammlung ist das oberste Organ des Vereins.<\/p>\n<p>Ihr obliegen folgende Aufgaben:<br \/>\na) Festlegung der Richtlinien f\u00fcr die T\u00e4tigkeit des Vereins.<br \/>\nb) Festlegung der Jahresbeitr\u00e4ge.<br \/>\nc) Wahl des Pr\u00e4sidenten und der \u00fcbrigen Vorstandsmitglieder.<br \/>\nd) Wahl der Revisionsstelle.<br \/>\ne) Abnahme des Jahresberichtes des Pr\u00e4sidenten.<br \/>\nf) Entgegennahme des Berichts der Kontrollstelle und Genehmigung der Jahresrechnung und des Budgets sowie die Entlastung des Vorstands.<br \/>\ng) Behandlung von Antr\u00e4gen die nicht in geh\u00f6riger Form angek\u00fcndigt worden sind.<br \/>\nh) Statuten\u00e4nderungen.<br \/>\ni) Weitergabe des Viertels der Spendeneinnahme an bed\u00fcrftige Familien.<br \/>\nj) Beschluss \u00fcber eine allf\u00e4llige Aufl\u00f6sung des Vereins.<\/p>\n<p style=\"text-align: center;\"><strong>Wahlen und Abstimmungen<\/strong><\/p>\n<p>Art. 9 Jedes Mitglied hat eine Stimme. Eine Stellvertretung ist nicht zul\u00e4ssig.<br \/>\nDie Mitgliederversammlung ist beschlussf\u00e4hig, wenn mindestens ein Zehntel der Mitglieder anwesend sind.<br \/>\nWahlen und Abstimmungen erfolgen offen, sofern nicht ein F\u00fcnftel der anwesenden Mitglieder eine geheime Stimmabgabe verlangt.<br \/>\nBei Wahlen entscheidet im ersten Wahlgang das absolute Mehr, ab zweitem Wahlgang das relative Mehr der abgegebenen Stimmen.<\/p>\n<p>F\u00fcr Sachgesch\u00e4fte gelten folgende Bestimmungen:<br \/>\na) grunds\u00e4tzlich ist das relative Mehr der abgegebenen Stimmen ma\u00dfgebend, wobei dem Pr\u00e4sidenten Stichentscheid zukommt.<br \/>\nb) f\u00fcr die \u00c4nderung der Statuten und f\u00fcr die Aufl\u00f6sung des Vereins<br \/>\nsind zwei Drittel der g\u00fcltig abgegebenen Stimmen erforderlich.<\/p>\n<p style=\"text-align: center;\"><strong>Vorstand<\/strong><\/p>\n<p>Art. 10 Der Vorstand besteht aus 5 bis 7 ehrenamtlichen Mitgliedern. Spesen und Auslagen k\u00f6nnen verg\u00fctet werden.<br \/>\nDer Pr\u00e4sident des Vorstands ist gleichzeitig Pr\u00e4sident des Vereins.<br \/>\nEin Salettiner, der f\u00fcr die geistliche Begleitung des Vereins von der Provinzleitung ernannt wird, geh\u00f6rt von Amtes wegen dem Vorstand an. Er kann nicht Pr\u00e4sident sein.<br \/>\nDie Amtsdauer des Vorstands betr\u00e4gt drei Jahre. Wiederwahl ist m\u00f6glich.<\/p>\n<p style=\"text-align: center;\"><strong>Organisation des Vorstands<\/strong><\/p>\n<p>Art. 11 Der Vorstand konstituiert sich selbst.<br \/>\nEr tritt auf Einladung des Pr\u00e4sidenten mindestens zweimal pro Jahr<br \/>\nzu ordentlichen Sitzungen zusammen. Der Pr\u00e4sident, die geistliche Begleitung oder zwei Vorstandsmitglieder k\u00f6nnen weitere Sitzungen des Vorstandes verlangen.<br \/>\nEr ist beschlussf\u00e4hig, wenn die H\u00e4lfte der Vorstandsmitglieder anwesend ist. Vorstandsbeschl\u00fcsse k\u00f6nnen auch auf dem Weg der schriftlichen Zustimmung gefasst werden.<br \/>\n\u00dcber die Beschl\u00fcsse des Vorstandes wird ein Protokoll gef\u00fchrt.<\/p>\n<p style=\"text-align: center;\"><strong>Befugnisse und Aufgaben des Vorstands<\/strong><\/p>\n<p>Art. 12 Der Vorstand besorgt alle Gesch\u00e4fte, die nicht in die Kompetenz eines anderen Organs des Vereins fallen. Er sorgt f\u00fcr die Erf\u00fcllung des Vereinszwecks.<br \/>\nEr ist f\u00fcr die Erstellung und Durchf\u00fchrung des Bildungsprogramms der Mitglieder verantwortlich.<br \/>\nRechtsverbindliche Erkl\u00e4rungen des Vereins tragen die Kollektivunterschrift<br \/>\ndes Pr\u00e4sidenten und der geistlichen Begleitung, in deren Verhinderungsfalle des Vizepr\u00e4sidenten bzw. eines anderen Vorstandsmitgliedes.<br \/>\nDer Vorstand vertritt den Verein nach au\u00dfen.<\/p>\n<p style=\"text-align: center;\"><strong>Revisionsstelle<\/strong><\/p>\n<p>Art. 13 Die Revisionsstelle besteht aus zwei Revisoren, die von der Vereinsversammlung f\u00fcr eine Dauer von drei Jahren ernannt werden. Wiederwahl ist m\u00f6glich.<br \/>\nSie \u00fcberpr\u00fcft die Jahresrechnung und f\u00fchrt j\u00e4hrlich mindestens eine Revision durch. Sie erstattet der ordentlichen Vereinsversammlung schriftlichen Bericht.<\/p>\n<p style=\"text-align: center;\"><strong>Rechnungswesen<\/strong><\/p>\n<p>Art. 14 Das Vereinsjahr f\u00e4llt mit dem Kalenderjahr zusammen.<br \/>\nJ\u00e4hrlich hat der Vorstand eine Bilanz sowie eine Gewinn- und Verlustrechnung<br \/>\naufzustellen, die von der ordentlichen Vereinsversammlung zu genehmigen sind.<\/p>\n<p style=\"text-align: center;\"><strong>Aufl\u00f6sung<\/strong><\/p>\n<p>Art 15 Die Aufl\u00f6sung des Vereins kann nur von einer ausschlie\u00dflich hierf\u00fcr einberufenen Mitgliederversammlung und mit dem Stimmmehr von 2\/3 der anwesenden Mitglieder beschlossen werden.<br \/>\nDas Vereinsverm\u00f6gen ist der Kongregation der Missionare von La Salette zu \u00fcbergeben.<\/p>\n<p>Diese Statuten sind in der am 3. Juni 2012 in M\u00f6rschwil abgehaltenen Mitgliederversammlung<br \/>\ngenehmigt worden.<\/p>\n<p><em><strong>Die Pr\u00e4sidentin<\/strong><\/em><br \/>\nVera Sch\u00fcrmann<\/p>\n<p><em><strong>Die geistliche Begleitung<\/strong><\/em><br \/>\nP. Piotr Zaba MS<\/p>\n","protected":false},"excerpt":{"rendered":"<p>Statuten des Vereins La Salette-Familie &nbsp; Pr\u00e4ambel Jede und jeder ist ein Kind Gottes. Durch die Taufe sind wir f\u00fcreinander Schwestern und Br\u00fcder. Maria ist unsere Mutter im Glauben und im Leben. Sie ist unsere F\u00fcrsprecherin bei ihrem Sohn Jesus Christus.\u00a0Zusammen mit Maria wollen wir Gott das Magnifikat singen, weil er Gro\u00dfes an uns getan [&hellip;]<\/p>\n","protected":false},"author":1,"featured_media":0,"parent":3468,"menu_order":0,"comment_status":"closed","ping_status":"closed","template":"","meta":{"_bbp_topic_count":0,"_bbp_reply_count":0,"_bbp_total_topic_count":0,"_bbp_total_reply_count":0,"_bbp_voice_count":0,"_bbp_anonymous_reply_count":0,"_bbp_topic_count_hidden":0,"_bbp_reply_count_hidden":0,"_bbp_forum_subforum_count":0,"_monsterinsights_skip_tracking":false,"_monsterinsights_sitenote_active":false,"_monsterinsights_sitenote_note":"","_monsterinsights_sitenote_category":0},"_links":{"self":[{"href":"https:\/\/salettiner.ch\/index.php?rest_route=\/wp\/v2\/pages\/3481"}],"collection":[{"href":"https:\/\/salettiner.ch\/index.php?rest_route=\/wp\/v2\/pages"}],"about":[{"href":"https:\/\/salettiner.ch\/index.php?rest_route=\/wp\/v2\/types\/page"}],"author":[{"embeddable":true,"href":"https:\/\/salettiner.ch\/index.php?rest_route=\/wp\/v2\/users\/1"}],"replies":[{"embeddable":true,"href":"https:\/\/salettiner.ch\/index.php?rest_route=%2Fwp%2Fv2%2Fcomments&post=3481"}],"version-history":[{"count":10,"href":"https:\/\/salettiner.ch\/index.php?rest_route=\/wp\/v2\/pages\/3481\/revisions"}],"predecessor-version":[{"id":5971,"href":"https:\/\/salettiner.ch\/index.php?rest_route=\/wp\/v2\/pages\/3481\/revisions\/5971"}],"up":[{"embeddable":true,"href":"https:\/\/salettiner.ch\/index.php?rest_route=\/wp\/v2\/pages\/3468"}],"wp:attachment":[{"href":"https:\/\/salettiner.ch\/index.php?rest_route=%2Fwp%2Fv2%2Fmedia&parent=3481"}],"curies":[{"name":"wp","href":"https:\/\/api.w.org\/{rel}","templated":true}]}}