{"id":3477,"date":"2018-10-23T20:42:52","date_gmt":"2018-10-23T18:42:52","guid":{"rendered":"https:\/\/salettiner.ch\/?page_id=3477"},"modified":"2018-10-23T21:05:01","modified_gmt":"2018-10-23T19:05:01","slug":"einsatzbereiche","status":"publish","type":"page","link":"https:\/\/salettiner.ch\/?page_id=3477","title":{"rendered":"Einsatzbereiche"},"content":{"rendered":"<p><strong>Der Verein bezweckt<\/strong><\/p>\n<ol>\n<li>die F\u00f6rderung des christlichen Lebens nach der salettinischen Spiritualit\u00e4t,<\/li>\n<li>die Unterst\u00fctzung der Missionare von La Salette,<\/li>\n<li>die Zusammenarbeit mit den Salettinern bei all ihren Werken,<\/li>\n<li>die Sorge um den famili\u00e4ren Geist all seiner Mitglieder und dar\u00fcber hinaus.<\/li>\n<\/ol>\n","protected":false},"excerpt":{"rendered":"<p>Der Verein bezweckt die F\u00f6rderung des christlichen Lebens nach der salettinischen Spiritualit\u00e4t, die Unterst\u00fctzung der Missionare von La Salette, die Zusammenarbeit mit den Salettinern bei all ihren Werken, die Sorge um den famili\u00e4ren Geist all seiner Mitglieder und dar\u00fcber hinaus.<\/p>\n","protected":false},"author":1,"featured_media":0,"parent":3468,"menu_order":0,"comment_status":"closed","ping_status":"closed","template":"","meta":{"_bbp_topic_count":0,"_bbp_reply_count":0,"_bbp_total_topic_count":0,"_bbp_total_reply_count":0,"_bbp_voice_count":0,"_bbp_anonymous_reply_count":0,"_bbp_topic_count_hidden":0,"_bbp_reply_count_hidden":0,"_bbp_forum_subforum_count":0,"_monsterinsights_skip_tracking":false,"_monsterinsights_sitenote_active":false,"_monsterinsights_sitenote_note":"","_monsterinsights_sitenote_category":0},"_links":{"self":[{"href":"https:\/\/salettiner.ch\/index.php?rest_route=\/wp\/v2\/pages\/3477"}],"collection":[{"href":"https:\/\/salettiner.ch\/index.php?rest_route=\/wp\/v2\/pages"}],"about":[{"href":"https:\/\/salettiner.ch\/index.php?rest_route=\/wp\/v2\/types\/page"}],"author":[{"embeddable":true,"href":"https:\/\/salettiner.ch\/index.php?rest_route=\/wp\/v2\/users\/1"}],"replies":[{"embeddable":true,"href":"https:\/\/salettiner.ch\/index.php?rest_route=%2Fwp%2Fv2%2Fcomments&post=3477"}],"version-history":[{"count":2,"href":"https:\/\/salettiner.ch\/index.php?rest_route=\/wp\/v2\/pages\/3477\/revisions"}],"predecessor-version":[{"id":3493,"href":"https:\/\/salettiner.ch\/index.php?rest_route=\/wp\/v2\/pages\/3477\/revisions\/3493"}],"up":[{"embeddable":true,"href":"https:\/\/salettiner.ch\/index.php?rest_route=\/wp\/v2\/pages\/3468"}],"wp:attachment":[{"href":"https:\/\/salettiner.ch\/index.php?rest_route=%2Fwp%2Fv2%2Fmedia&parent=3477"}],"curies":[{"name":"wp","href":"https:\/\/api.w.org\/{rel}","templated":true}]}}