{"id":3475,"date":"2018-10-23T20:42:44","date_gmt":"2018-10-23T18:42:44","guid":{"rendered":"https:\/\/salettiner.ch\/?page_id=3475"},"modified":"2018-10-23T21:03:46","modified_gmt":"2018-10-23T19:03:46","slug":"mitgliedschaft","status":"publish","type":"page","link":"https:\/\/salettiner.ch\/?page_id=3475","title":{"rendered":"Mitgliedschaft"},"content":{"rendered":"<p><strong>Wir laden Sie also ein, Frau und Mann, Jung und Alt, Mitglied der La Salette-Familie zu werden.<\/strong><br \/>\nWir wollen eine Familie bilden, in der jeder willkommen ist, jeder angenommen wird, wie er ist, jeder ein Zuhause findet. Die Rundbriefe lassen uns La Salette und die Botschaft Marias besser kennen lernen. Wir w\u00fcrden uns freuen, wenn Sie sich unserer La Salette-Familie anschlie\u00dfen und sie vergr\u00f6\u00dfern w\u00fcrden!<br \/>\nMitglied des Vereins kann jedermann werden, der dessen Ziele unterst\u00fctzt und sich zur Leistung eines Beitrages verpflichtet. Die Mitgliedschaft wird erlangt oder beendet auf eine schriftliche oder m\u00fcndliche Erkl\u00e4rung hin.<\/p>\n<p><strong>Kontaktperson:<\/strong><br \/>\nP. Piotr Zaba MS<br \/>\nMissionshaus Untere Waid<br \/>\nPostfach 92<br \/>\n9402 M\u00f6rschwil<br \/>\nTel. +41 71 868 79 80<br \/>\nE-Mail:\u00a0<a href=\"mailto:lasalettefamilie@yahoo.com\">lasalettefamilie@yahoo.com<\/a><\/p>\n","protected":false},"excerpt":{"rendered":"<p>Wir laden Sie also ein, Frau und Mann, Jung und Alt, Mitglied der La Salette-Familie zu werden. Wir wollen eine Familie bilden, in der jeder willkommen ist, jeder angenommen wird, wie er ist, jeder ein Zuhause findet. Die Rundbriefe lassen uns La Salette und die Botschaft Marias besser kennen lernen. Wir w\u00fcrden uns freuen, wenn [&hellip;]<\/p>\n","protected":false},"author":1,"featured_media":0,"parent":3468,"menu_order":0,"comment_status":"closed","ping_status":"closed","template":"","meta":{"_bbp_topic_count":0,"_bbp_reply_count":0,"_bbp_total_topic_count":0,"_bbp_total_reply_count":0,"_bbp_voice_count":0,"_bbp_anonymous_reply_count":0,"_bbp_topic_count_hidden":0,"_bbp_reply_count_hidden":0,"_bbp_forum_subforum_count":0,"_monsterinsights_skip_tracking":false,"_monsterinsights_sitenote_active":false,"_monsterinsights_sitenote_note":"","_monsterinsights_sitenote_category":0},"_links":{"self":[{"href":"https:\/\/salettiner.ch\/index.php?rest_route=\/wp\/v2\/pages\/3475"}],"collection":[{"href":"https:\/\/salettiner.ch\/index.php?rest_route=\/wp\/v2\/pages"}],"about":[{"href":"https:\/\/salettiner.ch\/index.php?rest_route=\/wp\/v2\/types\/page"}],"author":[{"embeddable":true,"href":"https:\/\/salettiner.ch\/index.php?rest_route=\/wp\/v2\/users\/1"}],"replies":[{"embeddable":true,"href":"https:\/\/salettiner.ch\/index.php?rest_route=%2Fwp%2Fv2%2Fcomments&post=3475"}],"version-history":[{"count":2,"href":"https:\/\/salettiner.ch\/index.php?rest_route=\/wp\/v2\/pages\/3475\/revisions"}],"predecessor-version":[{"id":3491,"href":"https:\/\/salettiner.ch\/index.php?rest_route=\/wp\/v2\/pages\/3475\/revisions\/3491"}],"up":[{"embeddable":true,"href":"https:\/\/salettiner.ch\/index.php?rest_route=\/wp\/v2\/pages\/3468"}],"wp:attachment":[{"href":"https:\/\/salettiner.ch\/index.php?rest_route=%2Fwp%2Fv2%2Fmedia&parent=3475"}],"curies":[{"name":"wp","href":"https:\/\/api.w.org\/{rel}","templated":true}]}}