{"id":3472,"date":"2018-10-23T20:42:34","date_gmt":"2018-10-23T18:42:34","guid":{"rendered":"https:\/\/salettiner.ch\/?page_id=3472"},"modified":"2018-10-23T21:04:16","modified_gmt":"2018-10-23T19:04:16","slug":"geschichte","status":"publish","type":"page","link":"https:\/\/salettiner.ch\/?page_id=3472","title":{"rendered":"Geschichte"},"content":{"rendered":"<p>Die ersten Zeugen der Erscheinung Marias in La Salette waren Laien! Gerade sie, zwei arme Kinder, wurden beauftragt, die Botschaft der \u201eSch\u00f6nen Frau\u201c, ihrem ganzen Volk mitzuteilen. Sie haben ihre Sendung erf\u00fcllt und sind der Erscheinung treu geblieben. Heute setzen die Salettiner diesen Auftrag Marias fort. Sie haben immer eng mit den Laien zusammengearbeitet. Im Dezember 2007 wurde die La Salette-Familie gegr\u00fcndet. Im Jahre 2008 fand die erste Jahresversammlung statt, die auch den Vorstand dieses Vereins gew\u00e4hlt hat. Heute (2018) z\u00e4hlt die La Salette-Familie ca. 66 Mitglieder aus Deutschland, Liechtenstein und aus der Schweiz.<\/p>\n","protected":false},"excerpt":{"rendered":"<p>Die ersten Zeugen der Erscheinung Marias in La Salette waren Laien! Gerade sie, zwei arme Kinder, wurden beauftragt, die Botschaft der \u201eSch\u00f6nen Frau\u201c, ihrem ganzen Volk mitzuteilen. Sie haben ihre Sendung erf\u00fcllt und sind der Erscheinung treu geblieben. Heute setzen die Salettiner diesen Auftrag Marias fort. Sie haben immer eng mit den Laien zusammengearbeitet. Im [&hellip;]<\/p>\n","protected":false},"author":1,"featured_media":0,"parent":3468,"menu_order":0,"comment_status":"closed","ping_status":"closed","template":"","meta":{"_bbp_topic_count":0,"_bbp_reply_count":0,"_bbp_total_topic_count":0,"_bbp_total_reply_count":0,"_bbp_voice_count":0,"_bbp_anonymous_reply_count":0,"_bbp_topic_count_hidden":0,"_bbp_reply_count_hidden":0,"_bbp_forum_subforum_count":0,"_monsterinsights_skip_tracking":false,"_monsterinsights_sitenote_active":false,"_monsterinsights_sitenote_note":"","_monsterinsights_sitenote_category":0},"_links":{"self":[{"href":"https:\/\/salettiner.ch\/index.php?rest_route=\/wp\/v2\/pages\/3472"}],"collection":[{"href":"https:\/\/salettiner.ch\/index.php?rest_route=\/wp\/v2\/pages"}],"about":[{"href":"https:\/\/salettiner.ch\/index.php?rest_route=\/wp\/v2\/types\/page"}],"author":[{"embeddable":true,"href":"https:\/\/salettiner.ch\/index.php?rest_route=\/wp\/v2\/users\/1"}],"replies":[{"embeddable":true,"href":"https:\/\/salettiner.ch\/index.php?rest_route=%2Fwp%2Fv2%2Fcomments&post=3472"}],"version-history":[{"count":2,"href":"https:\/\/salettiner.ch\/index.php?rest_route=\/wp\/v2\/pages\/3472\/revisions"}],"predecessor-version":[{"id":3492,"href":"https:\/\/salettiner.ch\/index.php?rest_route=\/wp\/v2\/pages\/3472\/revisions\/3492"}],"up":[{"embeddable":true,"href":"https:\/\/salettiner.ch\/index.php?rest_route=\/wp\/v2\/pages\/3468"}],"wp:attachment":[{"href":"https:\/\/salettiner.ch\/index.php?rest_route=%2Fwp%2Fv2%2Fmedia&parent=3472"}],"curies":[{"name":"wp","href":"https:\/\/api.w.org\/{rel}","templated":true}]}}