{"id":195,"date":"2015-02-11T13:23:11","date_gmt":"2015-02-11T12:23:11","guid":{"rendered":"https:\/\/salettiner.ch\/?page_id=195"},"modified":"2024-06-20T14:45:27","modified_gmt":"2024-06-20T12:45:27","slug":"publikationen","status":"publish","type":"page","link":"https:\/\/salettiner.ch\/?page_id=195","title":{"rendered":"Publikationen"},"content":{"rendered":"<p>Hier k\u00f6nnen Sie unsere Ver\u00f6ffentlichungen wie auch religi\u00f6se Andenken kennen lernen und mit unten stehendem Kontaktformular oder telefonisch bestellen.<\/p>\n<p>Die gew\u00fcnschten Produkte werden Ihnen gegen Rechnung per Post zugestellt.<\/p>\n<p>&nbsp;<\/p>\n<div class=\"table\">\n<table style=\"width: 100%; height: 1591px;\">\n<caption>Publikationen<\/caption>\n<tbody>\n<tr>\n<td><a href=\"https:\/\/salettiner.ch\/wp-content\/uploads\/2015\/02\/gymnasium.gif\" rel=\"lightbox[195]\"><img decoding=\"async\" loading=\"lazy\" width=\"68\" height=\"100\" class=\"alignnone size-full wp-image-1176\" src=\"https:\/\/salettiner.ch\/wp-content\/uploads\/2015\/02\/gymnasium.gif\" alt=\"75 Jahre Gymnasium Untere Waid.\" \/><\/a><\/td>\n<td>\n<h2 class=\"title\">75 Jahre Gymnasium Untere Waid<\/h2>\n<p>Autor:\u00a0Lenz, Philipp<br \/>\nIm Eigenverlag.<\/td>\n<\/tr>\n<tr>\n<td><a href=\"https:\/\/salettiner.ch\/wp-content\/uploads\/2015\/02\/Video.jpg\" rel=\"lightbox[195]\"><img decoding=\"async\" loading=\"lazy\" width=\"80\" height=\"133\" class=\"alignnone size-full wp-image-1178\" src=\"https:\/\/salettiner.ch\/wp-content\/uploads\/2015\/02\/Video.jpg\" alt=\"Video\" \/><\/a><\/td>\n<td>\n<h2 class=\"title\">Das Ereignis von La Salette<\/h2>\n<p>Video DVD<\/td>\n<\/tr>\n<tr>\n<td><a href=\"https:\/\/salettiner.ch\/wp-content\/uploads\/2015\/02\/markusev.gif\" rel=\"lightbox[195]\"><img decoding=\"async\" loading=\"lazy\" width=\"80\" height=\"132\" class=\"alignnone size-full wp-image-1189\" src=\"https:\/\/salettiner.ch\/wp-content\/uploads\/2015\/02\/markusev.gif\" alt=\"markusev\" \/><\/a><\/td>\n<td>\n<h2 class=\"title\">Das Markusevangelium im Minutentakt<\/h2>\n<p>Autor:\u00a0Truffer, Gustav<br \/>\nKanisius Verlag, Freiburg<\/td>\n<\/tr>\n<tr>\n<td><a href=\"https:\/\/salettiner.ch\/wp-content\/uploads\/2015\/02\/minutentakt.gif\" rel=\"lightbox[195]\"><img decoding=\"async\" loading=\"lazy\" width=\"80\" height=\"127\" class=\"alignnone size-full wp-image-1192\" src=\"https:\/\/salettiner.ch\/wp-content\/uploads\/2015\/02\/minutentakt.gif\" alt=\"minutentakt\" \/><\/a><\/td>\n<td>\n<h2 class=\"title\">Das Matth\u00e4usevangelium im Minutentakt<\/h2>\n<p>Autor:\u00a0Truffer, Gustav<br \/>\nLa Salette Verlag<\/td>\n<\/tr>\n<tr>\n<td><\/td>\n<td>\n<h2 class=\"title\">Die Botschaft von La Salette. Ihre biblischen Wurzeln<\/h2>\n<p>Autor:\u00a0Truffer, Gustav<br \/>\nAls Manuskript<\/td>\n<\/tr>\n<tr>\n<td><a href=\"https:\/\/salettiner.ch\/wp-content\/uploads\/2015\/02\/comic.jpg\" rel=\"lightbox[195]\"><img decoding=\"async\" loading=\"lazy\" width=\"80\" height=\"114\" class=\"alignnone size-full wp-image-1193\" src=\"https:\/\/salettiner.ch\/wp-content\/uploads\/2015\/02\/comic.jpg\" alt=\"comic\" \/><\/a><\/td>\n<td>\n<h2 class=\"title\">Die Sch\u00f6ne Frau von La Salette<\/h2>\n<p>Autor:\u00a0Maric, R.\/Goh\u00e9rel, Cl.<br \/>\nBildheft. Editions Fleurus, Paris<\/td>\n<\/tr>\n<tr>\n<td><a href=\"https:\/\/salettiner.ch\/wp-content\/uploads\/2015\/02\/ichliebe.jpg\" rel=\"lightbox[195]\"><img decoding=\"async\" loading=\"lazy\" width=\"80\" height=\"133\" class=\"alignnone size-full wp-image-1194\" src=\"https:\/\/salettiner.ch\/wp-content\/uploads\/2015\/02\/ichliebe.jpg\" alt=\"ichliebe\" \/><\/a><\/td>\n<td>\n<h2 class=\"title\">Ich liebe das Leben<\/h2>\n<p>Autor:\u00a0M\u00fcller, Albert<br \/>\nKanisius Verlag, Freiburg<\/td>\n<\/tr>\n<tr>\n<td><a href=\"https:\/\/salettiner.ch\/wp-content\/uploads\/2015\/02\/kreuzweg.gif\" rel=\"lightbox[195]\"><img decoding=\"async\" loading=\"lazy\" width=\"80\" height=\"113\" class=\"alignnone size-full wp-image-1196\" src=\"https:\/\/salettiner.ch\/wp-content\/uploads\/2015\/02\/kreuzweg.gif\" alt=\"kreuzweg\" \/><\/a><\/td>\n<td>\n<h2 class=\"title\">La Salette. Der biblische Kreuzweg<\/h2>\n<\/td>\n<\/tr>\n<tr>\n<td><a href=\"https:\/\/salettiner.ch\/wp-content\/uploads\/2015\/02\/verstehen.jpg\" rel=\"lightbox[195]\"><img decoding=\"async\" loading=\"lazy\" width=\"80\" height=\"132\" class=\"alignnone size-full wp-image-1197\" src=\"https:\/\/salettiner.ch\/wp-content\/uploads\/2015\/02\/verstehen.jpg\" alt=\"verstehen\" \/><\/a><\/td>\n<td>\n<h2 class=\"title\">La Salette. Die Botschaft verstehen<\/h2>\n<p>Autor:\u00a0Roetheli, Ernst W.<br \/>\nKanisius Verlag, Freiburg<\/td>\n<\/tr>\n<tr>\n<td><a href=\"https:\/\/salettiner.ch\/wp-content\/uploads\/2015\/02\/LS-Die-Botschaft-einer.jpg\" rel=\"lightbox[195]\"><img decoding=\"async\" loading=\"lazy\" width=\"80\" height=\"130\" class=\"alignnone size-full wp-image-1198\" src=\"https:\/\/salettiner.ch\/wp-content\/uploads\/2015\/02\/LS-Die-Botschaft-einer.jpg\" alt=\"LS-Die-Botschaft-einer\" \/><\/a><\/td>\n<td>\n<h2 class=\"title\">La Salette. Die Botschaft einer Marienerscheinung<\/h2>\n<p>Autor:\u00a0Ritz, Emil<\/td>\n<\/tr>\n<tr>\n<td><a href=\"https:\/\/salettiner.ch\/wp-content\/uploads\/2015\/02\/Gesch-d-Erscheinung.jpg\" rel=\"lightbox[195]\"><img decoding=\"async\" loading=\"lazy\" width=\"80\" height=\"129\" class=\"alignnone size-full wp-image-1199\" src=\"https:\/\/salettiner.ch\/wp-content\/uploads\/2015\/02\/Gesch-d-Erscheinung.jpg\" alt=\"Gesch-d-Erscheinung\" \/><\/a><\/td>\n<td>\n<h2 class=\"title\">La Salette. Die Geschichte der Erscheinung<\/h2>\n<p>Autor:\u00a0Roetheli, Ernst W.<br \/>\nKanisius Verlag, Freiburg<\/td>\n<\/tr>\n<tr>\n<td><a href=\"https:\/\/salettiner.ch\/wp-content\/uploads\/2015\/02\/Mit-Maria-auf-dem-Weg.jpg\" rel=\"lightbox[195]\"><img decoding=\"async\" loading=\"lazy\" width=\"80\" height=\"114\" class=\"alignnone size-full wp-image-1200\" src=\"https:\/\/salettiner.ch\/wp-content\/uploads\/2015\/02\/Mit-Maria-auf-dem-Weg.jpg\" alt=\"Mit-Maria-auf-dem-Weg\" \/><\/a><\/td>\n<td>\n<h2 class=\"title\">Mit Maria auf dem Weg<\/h2>\n<div class=\"product-body\">\n<p>Autor:\u00a0Castel, Roger<\/p>\n<p>Bildheft. Editions du Signe, Strassbourg<\/p>\n<\/div>\n<\/td>\n<\/tr>\n<\/tbody>\n<\/table>\n<\/div>\n","protected":false},"excerpt":{"rendered":"<p>Hier k\u00f6nnen Sie unsere Ver\u00f6ffentlichungen wie auch religi\u00f6se Andenken kennen lernen und mit unten stehendem Kontaktformular oder telefonisch bestellen. Die gew\u00fcnschten Produkte werden Ihnen gegen Rechnung per Post zugestellt. &nbsp; Publikationen 75 Jahre Gymnasium Untere Waid Autor:\u00a0Lenz, Philipp Im Eigenverlag. Das Ereignis von La Salette Video DVD Das Markusevangelium im Minutentakt Autor:\u00a0Truffer, Gustav Kanisius Verlag, [&hellip;]<\/p>\n","protected":false},"author":1,"featured_media":0,"parent":22,"menu_order":0,"comment_status":"open","ping_status":"open","template":"","meta":{"_bbp_topic_count":0,"_bbp_reply_count":0,"_bbp_total_topic_count":0,"_bbp_total_reply_count":0,"_bbp_voice_count":0,"_bbp_anonymous_reply_count":0,"_bbp_topic_count_hidden":0,"_bbp_reply_count_hidden":0,"_bbp_forum_subforum_count":0,"_monsterinsights_skip_tracking":false,"_monsterinsights_sitenote_active":false,"_monsterinsights_sitenote_note":"","_monsterinsights_sitenote_category":0},"_links":{"self":[{"href":"https:\/\/salettiner.ch\/index.php?rest_route=\/wp\/v2\/pages\/195"}],"collection":[{"href":"https:\/\/salettiner.ch\/index.php?rest_route=\/wp\/v2\/pages"}],"about":[{"href":"https:\/\/salettiner.ch\/index.php?rest_route=\/wp\/v2\/types\/page"}],"author":[{"embeddable":true,"href":"https:\/\/salettiner.ch\/index.php?rest_route=\/wp\/v2\/users\/1"}],"replies":[{"embeddable":true,"href":"https:\/\/salettiner.ch\/index.php?rest_route=%2Fwp%2Fv2%2Fcomments&post=195"}],"version-history":[{"count":37,"href":"https:\/\/salettiner.ch\/index.php?rest_route=\/wp\/v2\/pages\/195\/revisions"}],"predecessor-version":[{"id":5973,"href":"https:\/\/salettiner.ch\/index.php?rest_route=\/wp\/v2\/pages\/195\/revisions\/5973"}],"up":[{"embeddable":true,"href":"https:\/\/salettiner.ch\/index.php?rest_route=\/wp\/v2\/pages\/22"}],"wp:attachment":[{"href":"https:\/\/salettiner.ch\/index.php?rest_route=%2Fwp%2Fv2%2Fmedia&parent=195"}],"curies":[{"name":"wp","href":"https:\/\/api.w.org\/{rel}","templated":true}]}}