{"id":179,"date":"2015-02-11T13:18:26","date_gmt":"2015-02-11T12:18:26","guid":{"rendered":"https:\/\/salettiner.ch\/?page_id=179"},"modified":"2017-01-14T11:36:26","modified_gmt":"2017-01-14T10:36:26","slug":"eucharistifeier-mit-lobpreis","status":"publish","type":"page","link":"https:\/\/salettiner.ch\/?page_id=179","title":{"rendered":"Eucharistifeier mit Lobpreis"},"content":{"rendered":"<div class=\"post\">\n<p>Der\u00a0heilige Paulus schreibt:\u00a0<em>Ich danke meinem Gott jedes Mal, wenn ich an euch denke. Immer, wenn ich f\u00fcr euch alle bete, tue ich es mit Freude, weil ich euch ins Herz geschlossen habe\u00a0<\/em>(Phil 1,3-4.7)<em>.<\/em>\u00a0Dankbarkeit und F\u00fcrbitte erf\u00fcllen unser Gebet, so dass unsere Herzen reiner, gro\u00dfz\u00fcgiger, befreiter werden, begierig das Gute zu tun und das Leben mit den anderen zu teilen. Ja, unser Lobpreis mehrt die Gr\u00f6\u00dfe Gottes nicht, uns bringt er aber Segen und Heil. Wie Jesus freuen wir uns im Heiligen Geist und preisen den Vater im Himmel.<\/p>\n<p>Alles wird in der deutschen und polnischen Sprache gefeiert.<\/p>\n<p><strong>Alter<br \/>\n<\/strong>alle<\/p>\n<p><strong>Zeit<br \/>\n<\/strong>Jeden dritten Samstag im Monat (au\u00dfer Juli)<\/p>\n<\/div>\n<div class=\"post\">16.00 Uhr &#8211; Beichtgelegenheit<\/div>\n<div class=\"post\">16.45 Uhr &#8211; Vortrag<\/div>\n<div class=\"post\">17.00 Uhr &#8211; Eucharistiefeier<\/div>\n<div class=\"post\">18.00 Uhr &#8211; Lobpreis und Heilungsgebet<\/div>\n<div class=\"post\">\n<p>19.00 Uhr \u2013 Beisammensein<\/p>\n<p><strong>Ort<br \/>\n<\/strong>Kapelle der Unteren Waid<\/p>\n<p><strong>Weitere Infos bei<\/strong><\/p>\n<p>P. Piotr Zaba MS,\u00a0Missionshaus Untere Waid,\u00a0Postfach 92,\u00a0CH-9402 M\u00f6rschwil,\u00a0Tel. 071 868 79 80, E-Mail:\u00a0<a href=\"mailto:zabcia@bluemail.ch\">zabcia@bluemail.ch<\/a><\/p>\n<\/div>\n","protected":false},"excerpt":{"rendered":"<p>Der\u00a0heilige Paulus schreibt:\u00a0Ich danke meinem Gott jedes Mal, wenn ich an euch denke. Immer, wenn ich f\u00fcr euch alle bete, tue ich es mit Freude, weil ich euch ins Herz geschlossen habe\u00a0(Phil 1,3-4.7).\u00a0Dankbarkeit und F\u00fcrbitte erf\u00fcllen unser Gebet, so dass unsere Herzen reiner, gro\u00dfz\u00fcgiger, befreiter werden, begierig das Gute zu tun und das Leben mit [&hellip;]<\/p>\n","protected":false},"author":1,"featured_media":0,"parent":16,"menu_order":0,"comment_status":"open","ping_status":"open","template":"","meta":{"_bbp_topic_count":0,"_bbp_reply_count":0,"_bbp_total_topic_count":0,"_bbp_total_reply_count":0,"_bbp_voice_count":0,"_bbp_anonymous_reply_count":0,"_bbp_topic_count_hidden":0,"_bbp_reply_count_hidden":0,"_bbp_forum_subforum_count":0,"_monsterinsights_skip_tracking":false,"_monsterinsights_sitenote_active":false,"_monsterinsights_sitenote_note":"","_monsterinsights_sitenote_category":0},"_links":{"self":[{"href":"https:\/\/salettiner.ch\/index.php?rest_route=\/wp\/v2\/pages\/179"}],"collection":[{"href":"https:\/\/salettiner.ch\/index.php?rest_route=\/wp\/v2\/pages"}],"about":[{"href":"https:\/\/salettiner.ch\/index.php?rest_route=\/wp\/v2\/types\/page"}],"author":[{"embeddable":true,"href":"https:\/\/salettiner.ch\/index.php?rest_route=\/wp\/v2\/users\/1"}],"replies":[{"embeddable":true,"href":"https:\/\/salettiner.ch\/index.php?rest_route=%2Fwp%2Fv2%2Fcomments&post=179"}],"version-history":[{"count":29,"href":"https:\/\/salettiner.ch\/index.php?rest_route=\/wp\/v2\/pages\/179\/revisions"}],"predecessor-version":[{"id":2369,"href":"https:\/\/salettiner.ch\/index.php?rest_route=\/wp\/v2\/pages\/179\/revisions\/2369"}],"up":[{"embeddable":true,"href":"https:\/\/salettiner.ch\/index.php?rest_route=\/wp\/v2\/pages\/16"}],"wp:attachment":[{"href":"https:\/\/salettiner.ch\/index.php?rest_route=%2Fwp%2Fv2%2Fmedia&parent=179"}],"curies":[{"name":"wp","href":"https:\/\/api.w.org\/{rel}","templated":true}]}}