{"id":175,"date":"2015-02-11T13:17:16","date_gmt":"2015-02-11T12:17:16","guid":{"rendered":"https:\/\/salettiner.ch\/?page_id=175"},"modified":"2018-11-13T16:15:10","modified_gmt":"2018-11-13T15:15:10","slug":"glaubenskurse","status":"publish","type":"page","link":"https:\/\/salettiner.ch\/?page_id=175","title":{"rendered":"Glaubenskurse"},"content":{"rendered":"<p><strong>GLAUBENSKURS:\u00a0<em>Gottes Zechen erkennen und deuten<\/em><\/strong><\/p>\n<p>In La Salette spricht Maria die Zeichen (verdorbene Kartoffel) an, die die Menschen als Gottes Zeichen weder erkennen noch deuten konnten. Sie sagte weitere Zeichen (verdorbene Getreide, gro\u00dfe Hungersnot, Sterben der Kinder usw.) voraus, um die Menschen an ihre Beziehung zu Gott und ihre Verantwortung einander und der Sch\u00f6pfung gegen\u00fcber zu erinnern. Damals haben die Menschen zu Gott und zur Kirche zur\u00fcckgefunden. Und wir? Nehmen wir die Zeichen Gottes wahr? Nehmen wir sie ernst?<\/p>\n<p><strong>Alter<br \/>\n<\/strong>alle<\/p>\n<p><strong>Zeit<br \/>\n<\/strong>Beginn: Freitag, 23.11.2018 um 18.00 Uhr<\/p>\n<p>Schluss: Sonntag, 25.11.2018 um 14.00 Uhr<\/p>\n<p><strong>Ort<br \/>\n<\/strong>Missionshaus Untere Waid<\/p>\n<p><strong>Kosten<br \/>\n<\/strong>ca. CHF 80.- bzw. \u20ac 80.-\u00a0(Vollpension ohne \u00dcbernachtung)<\/p>\n<p><strong>Mitnehmen<\/strong><strong><br \/>\n<\/strong>Bibel, Papierblock und Schreibzeug<\/p>\n<p><strong>Anmeldung und weitere Infos bei<\/strong><br \/>\nP. Piotr Zaba MS, Missionshaus Untere Waid, CH-9402 M\u00f6rschwil, Tel. 0041 71 868 79 83, <a href=\"mailto:zabcia@bluemail.ch\">zabcia@bluemail.ch<\/a><br \/>\nP. Gregor Syska MS, Missionshaus Untere Waid,\u00a0Tel. 0041 71 868 79 61, <a href=\"mailto:grzegorz.syska.ms@gmail.com\">grzegorz.syska.ms@gmail.com<\/a><\/p>\n","protected":false},"excerpt":{"rendered":"<p>GLAUBENSKURS:\u00a0Gottes Zechen erkennen und deuten In La Salette spricht Maria die Zeichen (verdorbene Kartoffel) an, die die Menschen als Gottes Zeichen weder erkennen noch deuten konnten. Sie sagte weitere Zeichen (verdorbene Getreide, gro\u00dfe Hungersnot, Sterben der Kinder usw.) voraus, um die Menschen an ihre Beziehung zu Gott und ihre Verantwortung einander und der Sch\u00f6pfung gegen\u00fcber [&hellip;]<\/p>\n","protected":false},"author":1,"featured_media":0,"parent":16,"menu_order":0,"comment_status":"open","ping_status":"open","template":"","meta":{"_bbp_topic_count":0,"_bbp_reply_count":0,"_bbp_total_topic_count":0,"_bbp_total_reply_count":0,"_bbp_voice_count":0,"_bbp_anonymous_reply_count":0,"_bbp_topic_count_hidden":0,"_bbp_reply_count_hidden":0,"_bbp_forum_subforum_count":0,"_monsterinsights_skip_tracking":false,"_monsterinsights_sitenote_active":false,"_monsterinsights_sitenote_note":"","_monsterinsights_sitenote_category":0},"_links":{"self":[{"href":"https:\/\/salettiner.ch\/index.php?rest_route=\/wp\/v2\/pages\/175"}],"collection":[{"href":"https:\/\/salettiner.ch\/index.php?rest_route=\/wp\/v2\/pages"}],"about":[{"href":"https:\/\/salettiner.ch\/index.php?rest_route=\/wp\/v2\/types\/page"}],"author":[{"embeddable":true,"href":"https:\/\/salettiner.ch\/index.php?rest_route=\/wp\/v2\/users\/1"}],"replies":[{"embeddable":true,"href":"https:\/\/salettiner.ch\/index.php?rest_route=%2Fwp%2Fv2%2Fcomments&post=175"}],"version-history":[{"count":7,"href":"https:\/\/salettiner.ch\/index.php?rest_route=\/wp\/v2\/pages\/175\/revisions"}],"predecessor-version":[{"id":3569,"href":"https:\/\/salettiner.ch\/index.php?rest_route=\/wp\/v2\/pages\/175\/revisions\/3569"}],"up":[{"embeddable":true,"href":"https:\/\/salettiner.ch\/index.php?rest_route=\/wp\/v2\/pages\/16"}],"wp:attachment":[{"href":"https:\/\/salettiner.ch\/index.php?rest_route=%2Fwp%2Fv2%2Fmedia&parent=175"}],"curies":[{"name":"wp","href":"https:\/\/api.w.org\/{rel}","templated":true}]}}