{"id":173,"date":"2015-02-11T13:15:16","date_gmt":"2015-02-11T12:15:16","guid":{"rendered":"https:\/\/salettiner.ch\/?page_id=173"},"modified":"2024-06-06T22:20:07","modified_gmt":"2024-06-06T20:20:07","slug":"wallfahrtenexerzitien","status":"publish","type":"page","link":"https:\/\/salettiner.ch\/?page_id=173","title":{"rendered":"Wallfahrten\/Exerzitien"},"content":{"rendered":"<div class=\"post\">\n<p><strong>EXERZITIEN<\/strong><\/p>\n<p>Die Exerzitien bieten uns eine Vertiefung der Botschaft der Sch\u00f6nen Frau.<\/p>\n<p>In La Salette verspricht Maria, dass \u201edie Steine und Felsen zu Getreidehaufen werden, und die<br \/>\nFelder von Kartoffeln \u00fcbers\u00e4t sein werden\u201d Wann? Wenn die Menschen sich bekehren\u2026 Eine Wandlung des Menschen \u00f6ffnet ihn f\u00fcr den grossen Segen Gottes. Die Tr\u00e4nen Marias werden auf der H\u00f6he des Kreuzes, das sie auf ihrer Brust tr\u00e4gt, zu Lichtperlen\u2026 Alles kann sich im Geheimnis Christi zu Gutem wandelnden! Wie wandelt sich mein Leben? Bin ich immer noch zur Wandlung bereit? Was darf sich an mir noch wandeln? Mit der Bibel in der Hand gehen wir diesen Fragen nach. Wir haben aber auch Zeit f\u00fcr Erholung und Musse, f\u00fcr Stille und Gemeinschaft, f\u00fcr Wanderungen und Meditation, f\u00fcr uns selbst, f\u00fcr die anderen und nicht zuletzt f\u00fcr Jesus und seine weinende Mutter.<\/p>\n<p>Nebst dem freiwilligen Programm haben Sie die M\u00f6glichkeit, sich auszuruhen und zu besinnen, die Pracht der Berge zu bewundern und zu wandern.<\/p>\n<p><strong>Alter<br \/>\n<\/strong>alle<\/p>\n<p><strong>Zeit <\/strong><strong><br \/>\n<\/strong>Beginn: Mittwoch, 10.07.<\/p>\n<p>Schluss: \u00a0Sonntag, 14.07.<\/p>\n<p><strong>Ort<br \/>\n<\/strong>La Salette, Frankreich, 1800 m \u00fc. M.<\/p>\n<p><strong>Kost und Logis<br \/>\n<\/strong>CHF 650.\u2014 im DZ und 730.\u2014 im EZ<\/p>\n<p><strong>Mitnehmen<\/strong><strong><br \/>\n<\/strong>Bibel, Sonnen- und Regenschutz und gutes Schuhwerk f\u00fcr Wanderungen<\/p>\n<p><strong>Anmeldung bis 5. Juni 2024 und weitere Infos bei<\/strong><br \/>\nP. Piotr Zaba MS, Missionshaus Untere Waid, CH-9402 M\u00f6rschwil, \u00a0Tel. 0041 71 868 79 83, <a href=\"mailto:zabcia@bluemail.ch\">piotrzaba1973@gmail.com<\/a><br \/>\nP. Gregor Syska MS, Missionshaus Untere Waid, CH-9402 M\u00f6rschwil, Tel. 0041 71 868 79 61, <a href=\"mailto:grzegorz.syska.ms@gmail.com\">grzegorz.syska.ms@gmail.com<\/a><\/p>\n<\/div>\n<p style=\"text-align: left;\">\n","protected":false},"excerpt":{"rendered":"<p>EXERZITIEN Die Exerzitien bieten uns eine Vertiefung der Botschaft der Sch\u00f6nen Frau. In La Salette verspricht Maria, dass \u201edie Steine und Felsen zu Getreidehaufen werden, und die Felder von Kartoffeln \u00fcbers\u00e4t sein werden\u201d Wann? Wenn die Menschen sich bekehren\u2026 Eine Wandlung des Menschen \u00f6ffnet ihn f\u00fcr den grossen Segen Gottes. Die Tr\u00e4nen Marias werden auf [&hellip;]<\/p>\n","protected":false},"author":1,"featured_media":0,"parent":16,"menu_order":0,"comment_status":"open","ping_status":"open","template":"","meta":{"_bbp_topic_count":0,"_bbp_reply_count":0,"_bbp_total_topic_count":0,"_bbp_total_reply_count":0,"_bbp_voice_count":0,"_bbp_anonymous_reply_count":0,"_bbp_topic_count_hidden":0,"_bbp_reply_count_hidden":0,"_bbp_forum_subforum_count":0,"_monsterinsights_skip_tracking":false,"_monsterinsights_sitenote_active":false,"_monsterinsights_sitenote_note":"","_monsterinsights_sitenote_category":0},"_links":{"self":[{"href":"https:\/\/salettiner.ch\/index.php?rest_route=\/wp\/v2\/pages\/173"}],"collection":[{"href":"https:\/\/salettiner.ch\/index.php?rest_route=\/wp\/v2\/pages"}],"about":[{"href":"https:\/\/salettiner.ch\/index.php?rest_route=\/wp\/v2\/types\/page"}],"author":[{"embeddable":true,"href":"https:\/\/salettiner.ch\/index.php?rest_route=\/wp\/v2\/users\/1"}],"replies":[{"embeddable":true,"href":"https:\/\/salettiner.ch\/index.php?rest_route=%2Fwp%2Fv2%2Fcomments&post=173"}],"version-history":[{"count":14,"href":"https:\/\/salettiner.ch\/index.php?rest_route=\/wp\/v2\/pages\/173\/revisions"}],"predecessor-version":[{"id":5944,"href":"https:\/\/salettiner.ch\/index.php?rest_route=\/wp\/v2\/pages\/173\/revisions\/5944"}],"up":[{"embeddable":true,"href":"https:\/\/salettiner.ch\/index.php?rest_route=\/wp\/v2\/pages\/16"}],"wp:attachment":[{"href":"https:\/\/salettiner.ch\/index.php?rest_route=%2Fwp%2Fv2%2Fmedia&parent=173"}],"curies":[{"name":"wp","href":"https:\/\/api.w.org\/{rel}","templated":true}]}}