{"id":171,"date":"2015-02-11T13:14:55","date_gmt":"2015-02-11T12:14:55","guid":{"rendered":"https:\/\/salettiner.ch\/?page_id=171"},"modified":"2024-06-19T13:07:23","modified_gmt":"2024-06-19T11:07:23","slug":"missionsprokura","status":"publish","type":"page","link":"https:\/\/salettiner.ch\/?page_id=171","title":{"rendered":"Missionsprokura"},"content":{"rendered":"<p>Seit 1946 sind wir in Angola t\u00e4tig. Handelte es sich in der ersten Zeit um Missionierung im herk\u00f6mmlichen Sinn, so geht unser Bestreben jetzt dahin, beim Aufbau der Ortskirche mitzuhelfen. Weil in Angola\u00a0von 1975 bis 2002 B\u00fcrgerkrieg herrschte, erlitt unsere Arbeit immer wieder herbe R\u00fcckschl\u00e4ge, und drei unserer Mitglieder b\u00fcssten in den kriegerischen Wirren ihr Leben ein.<\/p>\n<p>Wir unterhalten in Angola neun Missionsstationen, Seminarien f\u00fcr Philosophie und Theologie und seit 2000 ein Zentrum f\u00fcr die offene Bildungsarbeit. Ordensrechtlich ist die Provinz Angola ein selbstst\u00e4ndiger Teil der Kongregation der Salettiner. Die meisten Mitbr\u00fcder in dieser Provinz sind heute angolanischer Nationalit\u00e4t.<\/p>\n<p><strong>Die Missionsprokura<\/strong> der Salettiner ist das Bindeglied zur Provinz Angola:<br \/>\nSie versucht Menschen f\u00fcr die Anliegen und Aufgaben der Kirche in Dritt-Welt L\u00e4ndern zu sensibilisieren.<br \/>\nSie vermittelt Missionsgaben und Messstipendien.<br \/>\nEin grosser Freundeskreis unterst\u00fctzt uns bei diesen Aufgaben. Ein\u00a0<a href=\"\/?page_id=193#angola\">Informationsblatt &#8222;Angola&#8221;<\/a>\u00a0berichtet viermal im Jahr \u00fcber dieses Missionsgebiet. Missionsprokurator ist Pater Albert Schlauri MS.<\/p>\n<p><strong>Missionsprokura der Salettiner<\/strong><br \/>\nMissionahaus Untere Waid<br \/>\nPostfach 92<br \/>\n9402 M\u00f6rschwil<br \/>\nTel. 071 868 79 79<br \/>\nFax 071 868 79 81<br \/>\nPC 90-6637-3<br \/>\nE-Mail:\u00a0<a href=\"mailto:info@salettiner.ch\">info@salettiner.ch<\/a><\/p>\n","protected":false},"excerpt":{"rendered":"<p>Seit 1946 sind wir in Angola t\u00e4tig. Handelte es sich in der ersten Zeit um Missionierung im herk\u00f6mmlichen Sinn, so geht unser Bestreben jetzt dahin, beim Aufbau der Ortskirche mitzuhelfen. Weil in Angola\u00a0von 1975 bis 2002 B\u00fcrgerkrieg herrschte, erlitt unsere Arbeit immer wieder herbe R\u00fcckschl\u00e4ge, und drei unserer Mitglieder b\u00fcssten in den kriegerischen Wirren ihr [&hellip;]<\/p>\n","protected":false},"author":1,"featured_media":0,"parent":16,"menu_order":0,"comment_status":"open","ping_status":"open","template":"","meta":{"_bbp_topic_count":0,"_bbp_reply_count":0,"_bbp_total_topic_count":0,"_bbp_total_reply_count":0,"_bbp_voice_count":0,"_bbp_anonymous_reply_count":0,"_bbp_topic_count_hidden":0,"_bbp_reply_count_hidden":0,"_bbp_forum_subforum_count":0,"_monsterinsights_skip_tracking":false,"_monsterinsights_sitenote_active":false,"_monsterinsights_sitenote_note":"","_monsterinsights_sitenote_category":0},"_links":{"self":[{"href":"https:\/\/salettiner.ch\/index.php?rest_route=\/wp\/v2\/pages\/171"}],"collection":[{"href":"https:\/\/salettiner.ch\/index.php?rest_route=\/wp\/v2\/pages"}],"about":[{"href":"https:\/\/salettiner.ch\/index.php?rest_route=\/wp\/v2\/types\/page"}],"author":[{"embeddable":true,"href":"https:\/\/salettiner.ch\/index.php?rest_route=\/wp\/v2\/users\/1"}],"replies":[{"embeddable":true,"href":"https:\/\/salettiner.ch\/index.php?rest_route=%2Fwp%2Fv2%2Fcomments&post=171"}],"version-history":[{"count":3,"href":"https:\/\/salettiner.ch\/index.php?rest_route=\/wp\/v2\/pages\/171\/revisions"}],"predecessor-version":[{"id":5957,"href":"https:\/\/salettiner.ch\/index.php?rest_route=\/wp\/v2\/pages\/171\/revisions\/5957"}],"up":[{"embeddable":true,"href":"https:\/\/salettiner.ch\/index.php?rest_route=\/wp\/v2\/pages\/16"}],"wp:attachment":[{"href":"https:\/\/salettiner.ch\/index.php?rest_route=%2Fwp%2Fv2%2Fmedia&parent=171"}],"curies":[{"name":"wp","href":"https:\/\/api.w.org\/{rel}","templated":true}]}}