{"id":169,"date":"2015-02-11T13:14:27","date_gmt":"2015-02-11T12:14:27","guid":{"rendered":"https:\/\/salettiner.ch\/?page_id=169"},"modified":"2015-05-19T17:21:51","modified_gmt":"2015-05-19T15:21:51","slug":"laienverein","status":"publish","type":"page","link":"https:\/\/salettiner.ch\/?page_id=169","title":{"rendered":"Laienverein"},"content":{"rendered":"<p>Die ersten Zeugen der Erscheinung Marias in La Salette waren Laien! Gerade sie, zwei arme Kinder, wurden beauftragt, die Botschaft der \u201eSch\u00f6nen Frau\u201c, ihrem ganzen Volk mitzuteilen. Sie haben ihre Sendung erf\u00fcllt und sind der Erscheinung treu geblieben.<\/p>\n<p>Heute setzen die Salettiner diesen Auftrag Marias fort. Sie haben immer eng mit den Laien zusammen gearbeitet. Im Dezember 2007 wurde die La Salette-Familie gegr\u00fcndet. Im Jahre 2008 fand die erste Jahresversammlung statt, die auch den Vorstand dieses Vereins gew\u00e4hlt hat. Heute (2014) z\u00e4hlt die La Salette-Familie ca. 60 Mitglieder aus Deutschland, Liechtenstein und aus der Schweiz.<\/p>\n<p><strong>Der Verein bezweckt<br \/>\n<\/strong>a) die F\u00f6rderung des christlichen Lebens nach der salettinischen Spiritualit\u00e4t.<br \/>\nb) die Unterst\u00fctzung der Missionare von La Salette.<br \/>\nc) die Zusammenarbeit mit den Salettiner bei all ihren Werken.<br \/>\nd) die Sorge um den famili\u00e4ren Geist all seiner Mitglieder und dar\u00fcber hinaus.<\/p>\n<p>Mitglied des Vereins kann jedermann werden, der dessen Ziele unterst\u00fctzt und sich zur Leistung eines Beitrages verpflichtet. Die Mitgliedschaft wird erlangt oder beendet auf eine schriftliche oder m\u00fcndliche Erkl\u00e4rung hin.<\/p>\n<p><strong>Wir laden Sie also ein, Frau und Mann, Jung und Alt, Mitglied der La-Salette-Familie zu werden. <\/strong>Wir wollen eine Familie bilden, in der jeder willkommen ist, jeder angenommen wird, wie er ist, jeder ein Zuhause findet. Die Rundbriefe lassen uns La Salette und die Botschaft Marias besser kennen lernen.<br \/>\nWir w\u00fcrden uns freuen, wenn Sie sich unserer La-Salette-Familie anschlie\u00dfen und sie vergr\u00f6\u00dfern w\u00fcrden!<\/p>\n<p><strong>Kontaktperson:<br \/>\n<\/strong>P. Piotr Zaba MS<br \/>\nMissionshaus Untere Waid<br \/>\nPostfach 92<br \/>\nCH-9402 M\u00f6rschwil<br \/>\nTel. 071 868 79 80<br \/>\nE-Mail:\u00a0<a href=\"mailto:lasalettefamilie@yahoo.com\">lasalettefamilie@yahoo.com<\/a><\/p>\n","protected":false},"excerpt":{"rendered":"<p>Die ersten Zeugen der Erscheinung Marias in La Salette waren Laien! Gerade sie, zwei arme Kinder, wurden beauftragt, die Botschaft der \u201eSch\u00f6nen Frau\u201c, ihrem ganzen Volk mitzuteilen. Sie haben ihre Sendung erf\u00fcllt und sind der Erscheinung treu geblieben. Heute setzen die Salettiner diesen Auftrag Marias fort. Sie haben immer eng mit den Laien zusammen gearbeitet. [&hellip;]<\/p>\n","protected":false},"author":1,"featured_media":0,"parent":16,"menu_order":0,"comment_status":"open","ping_status":"open","template":"","meta":{"_bbp_topic_count":0,"_bbp_reply_count":0,"_bbp_total_topic_count":0,"_bbp_total_reply_count":0,"_bbp_voice_count":0,"_bbp_anonymous_reply_count":0,"_bbp_topic_count_hidden":0,"_bbp_reply_count_hidden":0,"_bbp_forum_subforum_count":0,"_monsterinsights_skip_tracking":false,"_monsterinsights_sitenote_active":false,"_monsterinsights_sitenote_note":"","_monsterinsights_sitenote_category":0},"_links":{"self":[{"href":"https:\/\/salettiner.ch\/index.php?rest_route=\/wp\/v2\/pages\/169"}],"collection":[{"href":"https:\/\/salettiner.ch\/index.php?rest_route=\/wp\/v2\/pages"}],"about":[{"href":"https:\/\/salettiner.ch\/index.php?rest_route=\/wp\/v2\/types\/page"}],"author":[{"embeddable":true,"href":"https:\/\/salettiner.ch\/index.php?rest_route=\/wp\/v2\/users\/1"}],"replies":[{"embeddable":true,"href":"https:\/\/salettiner.ch\/index.php?rest_route=%2Fwp%2Fv2%2Fcomments&post=169"}],"version-history":[{"count":5,"href":"https:\/\/salettiner.ch\/index.php?rest_route=\/wp\/v2\/pages\/169\/revisions"}],"predecessor-version":[{"id":1082,"href":"https:\/\/salettiner.ch\/index.php?rest_route=\/wp\/v2\/pages\/169\/revisions\/1082"}],"up":[{"embeddable":true,"href":"https:\/\/salettiner.ch\/index.php?rest_route=\/wp\/v2\/pages\/16"}],"wp:attachment":[{"href":"https:\/\/salettiner.ch\/index.php?rest_route=%2Fwp%2Fv2%2Fmedia&parent=169"}],"curies":[{"name":"wp","href":"https:\/\/api.w.org\/{rel}","templated":true}]}}