{"id":167,"date":"2015-02-11T13:13:19","date_gmt":"2015-02-11T12:13:19","guid":{"rendered":"https:\/\/salettiner.ch\/?page_id=167"},"modified":"2024-06-19T13:03:26","modified_gmt":"2024-06-19T11:03:26","slug":"zeitschrift-botschaft","status":"publish","type":"page","link":"https:\/\/salettiner.ch\/?page_id=167","title":{"rendered":"Salettiner-Info"},"content":{"rendered":"<p>Der Rundbrief SALETTINER-INFO ersetzt unsere Zeitschrift \u201ebotschaft\u201c. Alle drei Monate werden wir Ihnen das wichtigste aus der salettinsichen Welt berichten.Wir hoffen, dass wir durch diese Rundbriefe einen Kontakt zu Ihnen haben d\u00fcrfen und uns mit Ihnen zusammen f\u00fcr die Verbreitung des Evangeliums mit neuem Eifer einsetzten k\u00f6nnen.<\/p>\n<p>Wir bleiben einender im Gebet besonders f\u00fcr neue Berufungen und f\u00fcr die Berufenen verbunden und gedenken ihrer Anliegen in der Eucharistiefeier jeweils am dritten Montag im Monat. Wir bedanken uns auch herzlich f\u00fcr Ihre Spenden oder Messintentionen. Ein gro\u00dfes Vergelt\u2019s Gott daf\u00fcr.<\/p>\n<p><strong>Bestellung<br \/>\n<\/strong>Schweizer Distrikt<strong><br \/>\n<\/strong>Rorschacherstr. 694<br \/>\nPostfach 92<br \/>\n9402 M\u00f6rschwil<br \/>\nTel. 071 868 79 80<br \/>\nFax 071 868 79 81<br \/>\nPC 90-12348-2<br \/>\nE-Mail:\u00a0<a href=\"mailto:distrikt_ch@gmx.ch\">distrikt_ch@gmx.ch<\/a><\/div>\n","protected":false},"excerpt":{"rendered":"<p>Der Rundbrief SALETTINER-INFO ersetzt unsere Zeitschrift \u201ebotschaft\u201c. Alle drei Monate werden wir Ihnen das wichtigste aus der salettinsichen Welt berichten.Wir hoffen, dass wir durch diese Rundbriefe einen Kontakt zu Ihnen haben d\u00fcrfen und uns mit Ihnen zusammen f\u00fcr die Verbreitung des Evangeliums mit neuem Eifer einsetzten k\u00f6nnen. Wir bleiben einender im Gebet besonders f\u00fcr neue [&hellip;]<\/p>\n","protected":false},"author":1,"featured_media":0,"parent":16,"menu_order":0,"comment_status":"open","ping_status":"open","template":"","meta":{"_bbp_topic_count":0,"_bbp_reply_count":0,"_bbp_total_topic_count":0,"_bbp_total_reply_count":0,"_bbp_voice_count":0,"_bbp_anonymous_reply_count":0,"_bbp_topic_count_hidden":0,"_bbp_reply_count_hidden":0,"_bbp_forum_subforum_count":0,"_monsterinsights_skip_tracking":false,"_monsterinsights_sitenote_active":false,"_monsterinsights_sitenote_note":"","_monsterinsights_sitenote_category":0},"_links":{"self":[{"href":"https:\/\/salettiner.ch\/index.php?rest_route=\/wp\/v2\/pages\/167"}],"collection":[{"href":"https:\/\/salettiner.ch\/index.php?rest_route=\/wp\/v2\/pages"}],"about":[{"href":"https:\/\/salettiner.ch\/index.php?rest_route=\/wp\/v2\/types\/page"}],"author":[{"embeddable":true,"href":"https:\/\/salettiner.ch\/index.php?rest_route=\/wp\/v2\/users\/1"}],"replies":[{"embeddable":true,"href":"https:\/\/salettiner.ch\/index.php?rest_route=%2Fwp%2Fv2%2Fcomments&post=167"}],"version-history":[{"count":6,"href":"https:\/\/salettiner.ch\/index.php?rest_route=\/wp\/v2\/pages\/167\/revisions"}],"predecessor-version":[{"id":5955,"href":"https:\/\/salettiner.ch\/index.php?rest_route=\/wp\/v2\/pages\/167\/revisions\/5955"}],"up":[{"embeddable":true,"href":"https:\/\/salettiner.ch\/index.php?rest_route=\/wp\/v2\/pages\/16"}],"wp:attachment":[{"href":"https:\/\/salettiner.ch\/index.php?rest_route=%2Fwp%2Fv2%2Fmedia&parent=167"}],"curies":[{"name":"wp","href":"https:\/\/api.w.org\/{rel}","templated":true}]}}