{"id":161,"date":"2015-02-11T13:11:08","date_gmt":"2015-02-11T12:11:08","guid":{"rendered":"https:\/\/salettiner.ch\/?page_id=161"},"modified":"2017-01-27T15:05:47","modified_gmt":"2017-01-27T14:05:47","slug":"engerazhofen","status":"publish","type":"page","link":"https:\/\/salettiner.ch\/?page_id=161","title":{"rendered":"Engerazhofen"},"content":{"rendered":"<p>Die Kommunit\u00e4t der Salettiner besteht aus zwei Mitgliedern, die grunds\u00e4tzlich in der Seelsorge in den ihnen anvertrauten Pfarreien wirken. Die Salettiner begannen ihre T\u00e4tigkeit in Engerazhofen im Jahre 1949.<\/p>\n<p>In Engerazhofen befindet sich die \u00e4lteste La Salette-Kapelle im deutschsprachigen Raum, die 1866 eingeweiht wurde. Sie ist im Allg\u00e4u ein beliebter Wallfahrtsort. In ihr werden Wahlfahrtstage (jeden Mittwoch) und Pilgersonntagen (jeden dritten Sonntag im Monat Mai bis September) wie auch Krankensonntage angeboten. <\/p>\n<p><strong>Missionare von La Salette<\/strong><br \/>\nNannenbacher Weg 7<br \/>\nD-88299 Leutkirch<br \/>\nTel. 0049 7561 36 73<br \/>\nFax 0049 7561 91 32 09<br \/>\nE-Mail:\u00a0<a href=\"http:\/\/www.la-salette-aktuell.de\">lasalettekapelle@web.de<br \/>\nwww.la-salette-aktuell.de<\/a><\/p>\n","protected":false},"excerpt":{"rendered":"<p>Die Kommunit\u00e4t der Salettiner besteht aus zwei Mitgliedern, die grunds\u00e4tzlich in der Seelsorge in den ihnen anvertrauten Pfarreien wirken. Die Salettiner begannen ihre T\u00e4tigkeit in Engerazhofen im Jahre 1949. In Engerazhofen befindet sich die \u00e4lteste La Salette-Kapelle im deutschsprachigen Raum, die 1866 eingeweiht wurde. Sie ist im Allg\u00e4u ein beliebter Wallfahrtsort. In ihr werden Wahlfahrtstage [&hellip;]<\/p>\n","protected":false},"author":1,"featured_media":0,"parent":157,"menu_order":0,"comment_status":"open","ping_status":"open","template":"","meta":{"_bbp_topic_count":0,"_bbp_reply_count":0,"_bbp_total_topic_count":0,"_bbp_total_reply_count":0,"_bbp_voice_count":0,"_bbp_anonymous_reply_count":0,"_bbp_topic_count_hidden":0,"_bbp_reply_count_hidden":0,"_bbp_forum_subforum_count":0,"_monsterinsights_skip_tracking":false,"_monsterinsights_sitenote_active":false,"_monsterinsights_sitenote_note":"","_monsterinsights_sitenote_category":0},"_links":{"self":[{"href":"https:\/\/salettiner.ch\/index.php?rest_route=\/wp\/v2\/pages\/161"}],"collection":[{"href":"https:\/\/salettiner.ch\/index.php?rest_route=\/wp\/v2\/pages"}],"about":[{"href":"https:\/\/salettiner.ch\/index.php?rest_route=\/wp\/v2\/types\/page"}],"author":[{"embeddable":true,"href":"https:\/\/salettiner.ch\/index.php?rest_route=\/wp\/v2\/users\/1"}],"replies":[{"embeddable":true,"href":"https:\/\/salettiner.ch\/index.php?rest_route=%2Fwp%2Fv2%2Fcomments&post=161"}],"version-history":[{"count":9,"href":"https:\/\/salettiner.ch\/index.php?rest_route=\/wp\/v2\/pages\/161\/revisions"}],"predecessor-version":[{"id":2546,"href":"https:\/\/salettiner.ch\/index.php?rest_route=\/wp\/v2\/pages\/161\/revisions\/2546"}],"up":[{"embeddable":true,"href":"https:\/\/salettiner.ch\/index.php?rest_route=\/wp\/v2\/pages\/157"}],"wp:attachment":[{"href":"https:\/\/salettiner.ch\/index.php?rest_route=%2Fwp%2Fv2%2Fmedia&parent=161"}],"curies":[{"name":"wp","href":"https:\/\/api.w.org\/{rel}","templated":true}]}}