{"id":157,"date":"2015-02-11T13:10:14","date_gmt":"2015-02-11T12:10:14","guid":{"rendered":"https:\/\/salettiner.ch\/?page_id=157"},"modified":"2023-01-01T15:37:20","modified_gmt":"2023-01-01T14:37:20","slug":"kommunitaten","status":"publish","type":"page","link":"https:\/\/salettiner.ch\/?page_id=157","title":{"rendered":"Kommunit\u00e4ten"},"content":{"rendered":"<p>Als Ordensleute entscheiden wir uns in der Kommunit\u00e4t zu leben. Sie ist f\u00fcr uns wie eine Familie, in der wir miteinander unsere Freuden und Sorgen teilen k\u00f6nnen, mit der wir uns gemeinsam unserer Sendung widmen k\u00f6nnen. Schon das Leben in der Kommunit\u00e4t ist das st\u00e4rkste Zeugnis, das wir f\u00fcr das Evangelium ablegen k\u00f6nnen.<\/p>\n<p>Die Kommunit\u00e4t besteht aus mindestens drei Mitgliedern. Der Hausobere steht ihr vor. Er wird vom Hausrat und vom Hausverwalter unterst\u00fctzt.<\/p>\n<div class=\"row\">\n<div class=\"four columns\">\n<div class=\"img-title\"><a href=\"https:\/\/salettiner.ch\/wp-content\/uploads\/2015\/05\/salettiner_komunitaten-unterewaid.jpg\" rel=\"lightbox[157]\"><img decoding=\"async\" loading=\"lazy\" width=\"1920\" height=\"908\" class=\"alignnone size-full wp-image-911\" src=\"https:\/\/salettiner.ch\/wp-content\/uploads\/2015\/05\/salettiner_komunitaten-unterewaid.jpg\" alt=\"salettiner_komunitaten-unterewaid\" srcset=\"https:\/\/salettiner.ch\/wp-content\/uploads\/2015\/05\/salettiner_komunitaten-unterewaid.jpg 1920w, https:\/\/salettiner.ch\/wp-content\/uploads\/2015\/05\/salettiner_komunitaten-unterewaid-300x141.jpg 300w, https:\/\/salettiner.ch\/wp-content\/uploads\/2015\/05\/salettiner_komunitaten-unterewaid-1024x484.jpg 1024w\" sizes=\"(max-width: 1920px) 100vw, 1920px\" \/><\/a>Untere Waid<\/div>\n<\/div>\n<div class=\"four columns\">\n<div class=\"img-title\"><a href=\"https:\/\/salettiner.ch\/wp-content\/uploads\/2015\/05\/salettiner_komunitaten-engerazhofen.jpg\" rel=\"lightbox[157]\"><img decoding=\"async\" loading=\"lazy\" width=\"1920\" height=\"908\" class=\"alignnone size-full wp-image-910\" src=\"https:\/\/salettiner.ch\/wp-content\/uploads\/2015\/05\/salettiner_komunitaten-engerazhofen.jpg\" alt=\"salettiner_komunitaten-engerazhofen\" srcset=\"https:\/\/salettiner.ch\/wp-content\/uploads\/2015\/05\/salettiner_komunitaten-engerazhofen.jpg 1920w, https:\/\/salettiner.ch\/wp-content\/uploads\/2015\/05\/salettiner_komunitaten-engerazhofen-300x141.jpg 300w, https:\/\/salettiner.ch\/wp-content\/uploads\/2015\/05\/salettiner_komunitaten-engerazhofen-1024x484.jpg 1024w\" sizes=\"(max-width: 1920px) 100vw, 1920px\" \/><\/a>Engerazhofen<\/div>\n<\/div>\n<div class=\"four columns\">\n<div class=\"img-title\"><\/div>\n<\/div>\n<\/div>\n","protected":false},"excerpt":{"rendered":"<p>Als Ordensleute entscheiden wir uns in der Kommunit\u00e4t zu leben. Sie ist f\u00fcr uns wie eine Familie, in der wir miteinander unsere Freuden und Sorgen teilen k\u00f6nnen, mit der wir uns gemeinsam unserer Sendung widmen k\u00f6nnen. Schon das Leben in der Kommunit\u00e4t ist das st\u00e4rkste Zeugnis, das wir f\u00fcr das Evangelium ablegen k\u00f6nnen. Die Kommunit\u00e4t [&hellip;]<\/p>\n","protected":false},"author":1,"featured_media":0,"parent":14,"menu_order":0,"comment_status":"open","ping_status":"open","template":"","meta":{"_bbp_topic_count":0,"_bbp_reply_count":0,"_bbp_total_topic_count":0,"_bbp_total_reply_count":0,"_bbp_voice_count":0,"_bbp_anonymous_reply_count":0,"_bbp_topic_count_hidden":0,"_bbp_reply_count_hidden":0,"_bbp_forum_subforum_count":0,"_monsterinsights_skip_tracking":false,"_monsterinsights_sitenote_active":false,"_monsterinsights_sitenote_note":"","_monsterinsights_sitenote_category":0},"_links":{"self":[{"href":"https:\/\/salettiner.ch\/index.php?rest_route=\/wp\/v2\/pages\/157"}],"collection":[{"href":"https:\/\/salettiner.ch\/index.php?rest_route=\/wp\/v2\/pages"}],"about":[{"href":"https:\/\/salettiner.ch\/index.php?rest_route=\/wp\/v2\/types\/page"}],"author":[{"embeddable":true,"href":"https:\/\/salettiner.ch\/index.php?rest_route=\/wp\/v2\/users\/1"}],"replies":[{"embeddable":true,"href":"https:\/\/salettiner.ch\/index.php?rest_route=%2Fwp%2Fv2%2Fcomments&post=157"}],"version-history":[{"count":8,"href":"https:\/\/salettiner.ch\/index.php?rest_route=\/wp\/v2\/pages\/157\/revisions"}],"predecessor-version":[{"id":5268,"href":"https:\/\/salettiner.ch\/index.php?rest_route=\/wp\/v2\/pages\/157\/revisions\/5268"}],"up":[{"embeddable":true,"href":"https:\/\/salettiner.ch\/index.php?rest_route=\/wp\/v2\/pages\/14"}],"wp:attachment":[{"href":"https:\/\/salettiner.ch\/index.php?rest_route=%2Fwp%2Fv2%2Fmedia&parent=157"}],"curies":[{"name":"wp","href":"https:\/\/api.w.org\/{rel}","templated":true}]}}