{"id":146,"date":"2015-02-11T12:48:42","date_gmt":"2015-02-11T11:48:42","guid":{"rendered":"https:\/\/salettiner.ch\/?page_id=146"},"modified":"2022-12-01T08:10:18","modified_gmt":"2022-12-01T07:10:18","slug":"salettiner-werden","status":"publish","type":"page","link":"https:\/\/salettiner.ch\/?page_id=146","title":{"rendered":"Salettiner werden"},"content":{"rendered":"<p>Maria ist stets auf der Suche nach Menschen, die ihre Botschaft der Vers\u00f6hnung vertrauensvoll annehmen, beherzigen und freudig den anderen verk\u00fcnden wollen. Sie rechnet mit jedem, der von ihrem Sohn Jesus angezogen und berufen wird. Sie ist wahrhaft unsere Mutter, die uns nie aufgibt. Im Gegenteil, sie braucht gerade uns, gerade dich! Z\u00f6gere nicht, dich in den wunderbaren und anspruchsvollen Dienst der Vers\u00f6hnung zu stellen!<\/p>\n<p><strong>Ausbildungsweg in unserer Kongregation:<\/strong><br \/>\nPostulat &#8211; sechs Monate bis zwei Jahre<br \/>\nDas Postulat, f\u00fcr alle obligatorisch, f\u00fchrt den Kandidaten dazu, den Willen Gottes in Bezug auf sein Leben zu erkennen; er hat sich dar\u00fcber klar zu werden, ob er als Missionar Unserer Lieben Frau von La Salette zum Dienst an Kirche und Welt berufen ist.<\/p>\n<p>Noviziat \u2013 ein volles Jahr<br \/>\nDas Noviziat bringt den Novizen dazu, das Ordensleben zu sch\u00e4tzen, es selbst zu \u00fcben; sich durchdringen zu lassen vom Geheimnis der Vers\u00f6hnung und von der Aktualit\u00e4t dessen, was uns das Ereignis von La Salette offenbart.<\/p>\n<p>Philosophie und Theologiestudium \u2013 f\u00fcnf bis sechs Jahre<br \/>\nDieses Studium setzt die Matura voraus und ist f\u00fcr alle Priesteramtskandidaten erforderlich. Die Ordensbr\u00fcderkandidaten haben ihre eigene Ausbildung.<\/p>\n<p>Ewige Profess \u2013 nach mindestens drei Jahren zeitlicher Profess<br \/>\nDie freie und vollst\u00e4ndige Hingabe an Gott findet ihre Erf\u00fcllung und ihren vollkommenen Ausdruck in der ewigen Profess, durch die sich der Ordensmann f\u00fcr immer Gott schenkt als Mitglied der Kongregation.<\/p>\n<p>Weihe \u2013 nach dem Abschluss des Theologiestudiums<br \/>\nZuerst empf\u00e4ngt der Professe die Diakonweihe und sp\u00e4ter nach sechs Monaten oder einem Jahr die Priesterweihe.\u00a0Diese beiden Weihen\u00a0beauftragen ihn zum Dienst an Gott und den Mitmenschen. Sie helfen ihm, unser Charisma der Vers\u00f6hnung zu leben und andere Menschen auf dem Weg der Vers\u00f6hnung zu begleiten.<\/p>\n<p><strong>Kontaktpersonen:<\/strong><\/p>\n<div class=\"row\">\n<div class=\"four columns\"><a href=\"https:\/\/salettiner.ch\/wp-content\/uploads\/2015\/02\/Unsere-Kongregation-Salettiner-werden-kontakt-personnen-P.Piotr-Zaba-MS-e1431698114127.jpg\" rel=\"lightbox[146]\"><img decoding=\"async\" loading=\"lazy\" width=\"199\" height=\"300\" class=\"alignnone size-medium wp-image-1051\" src=\"https:\/\/salettiner.ch\/wp-content\/uploads\/2015\/02\/Unsere-Kongregation-Salettiner-werden-kontakt-personnen-P.Piotr-Zaba-MS-199x300.jpg\" alt=\"Unsere Kongregation -Salettiner werden - kontakt personnen-P.Piotr Zaba MS\" \/><\/a><strong><br \/>\nSchweiz<\/strong><br \/>\nP. Piotr Zaba MS<br \/>\nMissionshaus Untere Waid<br \/>\n9402 M\u00f6rschwil<br \/>\nTel. 071 868 79 83<br \/>\nE-Mail:\u00a0<a href=\"mailto:zabcia@bluemail.ch\">zabcia@bluemail.ch<\/a><\/div>\n<div class=\"four columns\"><a href=\"https:\/\/salettiner.ch\/wp-content\/uploads\/2015\/02\/IMG_20170621_180608.jpg\" rel=\"lightbox[146]\"><img decoding=\"async\" loading=\"lazy\" class=\"alignnone wp-image-2678 size-medium\" src=\"https:\/\/salettiner.ch\/wp-content\/uploads\/2015\/02\/IMG_20170621_180608-208x300.jpg\" alt=\"\" width=\"208\" height=\"300\" srcset=\"https:\/\/salettiner.ch\/wp-content\/uploads\/2015\/02\/IMG_20170621_180608-208x300.jpg 208w, https:\/\/salettiner.ch\/wp-content\/uploads\/2015\/02\/IMG_20170621_180608-768x1106.jpg 768w, https:\/\/salettiner.ch\/wp-content\/uploads\/2015\/02\/IMG_20170621_180608-711x1024.jpg 711w, https:\/\/salettiner.ch\/wp-content\/uploads\/2015\/02\/IMG_20170621_180608.jpg 1342w\" sizes=\"(max-width: 208px) 100vw, 208px\" \/><\/a><br \/>\n<strong>Deutschland<\/strong><br \/>\nP.\u00a0Robert Sliwa MS<br \/>\nNannenbacher Weg 7<br \/>\nD-88299 Leutkirch<br \/>\nTel. 0049 7561 826 29 93<br \/>\nE-Mail: <a href=\"mailto:robertsliwa76@gmail.com\">robertsliwa76@gmail.com<\/a><\/div>\n<\/div>\n","protected":false},"excerpt":{"rendered":"<p>Maria ist stets auf der Suche nach Menschen, die ihre Botschaft der Vers\u00f6hnung vertrauensvoll annehmen, beherzigen und freudig den anderen verk\u00fcnden wollen. Sie rechnet mit jedem, der von ihrem Sohn Jesus angezogen und berufen wird. Sie ist wahrhaft unsere Mutter, die uns nie aufgibt. Im Gegenteil, sie braucht gerade uns, gerade dich! Z\u00f6gere nicht, dich [&hellip;]<\/p>\n","protected":false},"author":1,"featured_media":0,"parent":11,"menu_order":0,"comment_status":"open","ping_status":"open","template":"","meta":{"_bbp_topic_count":0,"_bbp_reply_count":0,"_bbp_total_topic_count":0,"_bbp_total_reply_count":0,"_bbp_voice_count":0,"_bbp_anonymous_reply_count":0,"_bbp_topic_count_hidden":0,"_bbp_reply_count_hidden":0,"_bbp_forum_subforum_count":0,"_monsterinsights_skip_tracking":false,"_monsterinsights_sitenote_active":false,"_monsterinsights_sitenote_note":"","_monsterinsights_sitenote_category":0},"_links":{"self":[{"href":"https:\/\/salettiner.ch\/index.php?rest_route=\/wp\/v2\/pages\/146"}],"collection":[{"href":"https:\/\/salettiner.ch\/index.php?rest_route=\/wp\/v2\/pages"}],"about":[{"href":"https:\/\/salettiner.ch\/index.php?rest_route=\/wp\/v2\/types\/page"}],"author":[{"embeddable":true,"href":"https:\/\/salettiner.ch\/index.php?rest_route=\/wp\/v2\/users\/1"}],"replies":[{"embeddable":true,"href":"https:\/\/salettiner.ch\/index.php?rest_route=%2Fwp%2Fv2%2Fcomments&post=146"}],"version-history":[{"count":16,"href":"https:\/\/salettiner.ch\/index.php?rest_route=\/wp\/v2\/pages\/146\/revisions"}],"predecessor-version":[{"id":5227,"href":"https:\/\/salettiner.ch\/index.php?rest_route=\/wp\/v2\/pages\/146\/revisions\/5227"}],"up":[{"embeddable":true,"href":"https:\/\/salettiner.ch\/index.php?rest_route=\/wp\/v2\/pages\/11"}],"wp:attachment":[{"href":"https:\/\/salettiner.ch\/index.php?rest_route=%2Fwp%2Fv2%2Fmedia&parent=146"}],"curies":[{"name":"wp","href":"https:\/\/api.w.org\/{rel}","templated":true}]}}