{"id":144,"date":"2015-02-11T12:47:20","date_gmt":"2015-02-11T11:47:20","guid":{"rendered":"https:\/\/salettiner.ch\/?page_id=144"},"modified":"2017-01-27T13:40:48","modified_gmt":"2017-01-27T12:40:48","slug":"spiritualitat","status":"publish","type":"page","link":"https:\/\/salettiner.ch\/?page_id=144","title":{"rendered":"Spiritualit\u00e4t"},"content":{"rendered":"<div class=\"row\">\n<div class=\"eight columns\">\nIn La Salette hat sich Maria geoffenbart als die Mutter der Vers\u00f6hnung. &#8222;Vers\u00f6hnerin der S\u00fcnder&#8221;, das ist der Titel, den die Pilger der allerersten Zeit schon der &#8222;Sch\u00f6nen Frau&#8221; gegeben haben, und er wurde von der offiziellen Kirche \u00fcbernommen. Maria hat in ihrer Erscheinung zur Umkehr, zur Vers\u00f6hnung mit Gott aufgerufen. Zu Recht verehren wir sie darum als die &#8222;Mutter der Vers\u00f6hnung&#8221;. Und im Geist von La Salette wirken heisst, auf Vers\u00f6hnung hinarbeiten.<\/p>\n<p>Vers\u00f6hnung im umfassenden Sinn beinhaltet ein Dreifaches: die Vers\u00f6hnung mit sich selbst, mit seiner eigenen Biographie; die Vers\u00f6hnung mit dem Mitmenschen; die Vers\u00f6hnung mit Gott. Und warum nicht heute hinzuf\u00fcgen: Vers\u00f6hnung mit der Mitwelt? Nur als vers\u00f6hnte Menschen k\u00f6nnen wir die Mitmenschen auf dem Weg der Vers\u00f6hnung glaubw\u00fcrdig begleiten und die Sch\u00f6pfung pflegen.<\/p>\n<p>Ermutigt durch die Botschaft Marias von La Salette und ihre Tr\u00e4nen, versuchen wir zu erf\u00fcllen, was der heilige Paulus in seinem zweiten Brief an die Korinther (5,18-25) geschrieben hat:<\/p>\n<p><em>Alles kommt von Gott, der uns durch Christus mit sich vers\u00f6hnt und uns den Dienst der Vers\u00f6hnung aufgetragen hat. Ja, Gott war es, der in Christus die Welt mit sich vers\u00f6hnt hat, indem er den Menschen ihre Verfehlungen nicht anrechnete und uns das Wort von der Vers\u00f6hnung zur Verk\u00fcndigung anvertraute. Wir sind also Gesandte an Christi statt, und Gott ist es, der durch uns mahnt. Wir bitten an Christi Statt: Lasst euch mit Gott vers\u00f6hnen!<\/em><\/p>\n<p>Wir bem\u00fchen uns, die zutiefst evangelischen Werte des Gebetes, der Busse und des Eifers herauszustellen, die enthalten sind in der Botschaft Unserer Lieben Frau von La Salette, die uns zur Bekehrung aufruft. Wir bem\u00fchen uns aber auch, selber diese Werte zu leben, damit wir, durch das Zeugnis unseres Lebens ebenso wie durch unser Reden, die Menschen dazu bringen k\u00f6nnen, sich der Guten Nachricht zu \u00f6ffnen, die zu verk\u00fcnden wir berufen sind (Lebensregel der Salettiner, Nr. 6).<\/p>\n<p><strong><br \/>\n<\/strong>Das Kreuz von La Salette mit Hammer und Zange auf dem Querbalken, das Maria bei der Erscheinung auf ihrer Brust getragen hat, ist das Erkennungszeichen der Satteiner in aller Welt. Es wird so gedeutet:<\/p>\n<p>Mit dem Hammer wurde Jesus am Kreuz festgenagelt. So schlagen wir, im \u00fcbertragenen Sinn, mit unsern S\u00fcnden Jesus ans Kreuz. Mit der Zange wurde der Leichnam Jesu vom Kreuz gel\u00f6st. Sie steht darum f\u00fcr unsere guten Taten, mit denen wir gleichsam Jesus vom Kreuz abnehmen.\n<\/p><\/div>\n<div class=\"four columns\">\n<div class=\"img-title\" style=\"margin:30px 0\"><a href=\"https:\/\/salettiner.ch\/wp-content\/uploads\/2015\/02\/Unsere-Kongreagation-Spiritualitat-2.jpg\" rel=\"lightbox[144]\"><img decoding=\"async\" loading=\"lazy\" width=\"800\" height=\"801\" src=\"https:\/\/salettiner.ch\/wp-content\/uploads\/2015\/02\/Unsere-Kongreagation-Spiritualitat-2.jpg\" alt=\"Unsere-Kongreagation---Spiritualitat---2\"   class=\"alignnone size-full wp-image-930\" srcset=\"https:\/\/salettiner.ch\/wp-content\/uploads\/2015\/02\/Unsere-Kongreagation-Spiritualitat-2.jpg 800w, https:\/\/salettiner.ch\/wp-content\/uploads\/2015\/02\/Unsere-Kongreagation-Spiritualitat-2-100x100.jpg 100w, https:\/\/salettiner.ch\/wp-content\/uploads\/2015\/02\/Unsere-Kongreagation-Spiritualitat-2-300x300.jpg 300w\" sizes=\"(max-width: 800px) 100vw, 800px\" \/><\/a><span>Vers\u00f6hnung mit Gott<\/span><\/div>\n<div class=\"img-title\" style=\"margin:30px 0\"><a href=\"https:\/\/salettiner.ch\/wp-content\/uploads\/2015\/02\/Unsere-Kongreagation-Spiritualitat-1.jpg\" rel=\"lightbox[144]\"><img decoding=\"async\" loading=\"lazy\" width=\"900\" height=\"598\" src=\"https:\/\/salettiner.ch\/wp-content\/uploads\/2015\/02\/Unsere-Kongreagation-Spiritualitat-1.jpg\" alt=\"Unsere-Kongreagation---Spiritualitat---1\"   class=\"alignnone size-full wp-image-929\" srcset=\"https:\/\/salettiner.ch\/wp-content\/uploads\/2015\/02\/Unsere-Kongreagation-Spiritualitat-1.jpg 900w, https:\/\/salettiner.ch\/wp-content\/uploads\/2015\/02\/Unsere-Kongreagation-Spiritualitat-1-300x199.jpg 300w\" sizes=\"(max-width: 900px) 100vw, 900px\" \/><\/a><span>Vers\u00f6hnung mit sich selber<\/span><\/div>\n<div class=\"img-title\" style=\"margin:30px 0\"><a href=\"https:\/\/salettiner.ch\/wp-content\/uploads\/2015\/02\/Unsere-Kongreagation-Spiritualitat-3.jpg\" rel=\"lightbox[144]\"><img decoding=\"async\" loading=\"lazy\" width=\"900\" height=\"598\" src=\"https:\/\/salettiner.ch\/wp-content\/uploads\/2015\/02\/Unsere-Kongreagation-Spiritualitat-3.jpg\" alt=\"Unsere-Kongreagation---Spiritualitat---3\"   class=\"alignnone size-full wp-image-931\" srcset=\"https:\/\/salettiner.ch\/wp-content\/uploads\/2015\/02\/Unsere-Kongreagation-Spiritualitat-3.jpg 900w, https:\/\/salettiner.ch\/wp-content\/uploads\/2015\/02\/Unsere-Kongreagation-Spiritualitat-3-300x199.jpg 300w\" sizes=\"(max-width: 900px) 100vw, 900px\" \/><\/a><span>Vers\u00f6hnung mit den anderen<\/span><\/div>\n<div class=\"img-title\" style=\"margin:30px 0\"><a href=\"https:\/\/salettiner.ch\/wp-content\/uploads\/2015\/02\/Unsere-Kongreagation-Spiritualitat-4.jpg\" rel=\"lightbox[144]\"><img decoding=\"async\" loading=\"lazy\" width=\"900\" height=\"598\" src=\"https:\/\/salettiner.ch\/wp-content\/uploads\/2015\/02\/Unsere-Kongreagation-Spiritualitat-4.jpg\" alt=\"Unsere-Kongreagation---Spiritualitat---4\"   class=\"alignnone size-full wp-image-932\" srcset=\"https:\/\/salettiner.ch\/wp-content\/uploads\/2015\/02\/Unsere-Kongreagation-Spiritualitat-4.jpg 900w, https:\/\/salettiner.ch\/wp-content\/uploads\/2015\/02\/Unsere-Kongreagation-Spiritualitat-4-300x199.jpg 300w\" sizes=\"(max-width: 900px) 100vw, 900px\" \/><\/a><span>Vers\u00f6hnung mit der Sch\u00f6pfung<\/span><\/div>\n<\/div>\n<\/div>\n","protected":false},"excerpt":{"rendered":"<p>In La Salette hat sich Maria geoffenbart als die Mutter der Vers\u00f6hnung. &#8222;Vers\u00f6hnerin der S\u00fcnder&#8221;, das ist der Titel, den die Pilger der allerersten Zeit schon der &#8222;Sch\u00f6nen Frau&#8221; gegeben haben, und er wurde von der offiziellen Kirche \u00fcbernommen. Maria hat in ihrer Erscheinung zur Umkehr, zur Vers\u00f6hnung mit Gott aufgerufen. Zu Recht verehren wir [&hellip;]<\/p>\n","protected":false},"author":1,"featured_media":0,"parent":11,"menu_order":0,"comment_status":"open","ping_status":"open","template":"","meta":{"_bbp_topic_count":0,"_bbp_reply_count":0,"_bbp_total_topic_count":0,"_bbp_total_reply_count":0,"_bbp_voice_count":0,"_bbp_anonymous_reply_count":0,"_bbp_topic_count_hidden":0,"_bbp_reply_count_hidden":0,"_bbp_forum_subforum_count":0,"_monsterinsights_skip_tracking":false,"_monsterinsights_sitenote_active":false,"_monsterinsights_sitenote_note":"","_monsterinsights_sitenote_category":0},"_links":{"self":[{"href":"https:\/\/salettiner.ch\/index.php?rest_route=\/wp\/v2\/pages\/144"}],"collection":[{"href":"https:\/\/salettiner.ch\/index.php?rest_route=\/wp\/v2\/pages"}],"about":[{"href":"https:\/\/salettiner.ch\/index.php?rest_route=\/wp\/v2\/types\/page"}],"author":[{"embeddable":true,"href":"https:\/\/salettiner.ch\/index.php?rest_route=\/wp\/v2\/users\/1"}],"replies":[{"embeddable":true,"href":"https:\/\/salettiner.ch\/index.php?rest_route=%2Fwp%2Fv2%2Fcomments&post=144"}],"version-history":[{"count":9,"href":"https:\/\/salettiner.ch\/index.php?rest_route=\/wp\/v2\/pages\/144\/revisions"}],"predecessor-version":[{"id":3786,"href":"https:\/\/salettiner.ch\/index.php?rest_route=\/wp\/v2\/pages\/144\/revisions\/3786"}],"up":[{"embeddable":true,"href":"https:\/\/salettiner.ch\/index.php?rest_route=\/wp\/v2\/pages\/11"}],"wp:attachment":[{"href":"https:\/\/salettiner.ch\/index.php?rest_route=%2Fwp%2Fv2%2Fmedia&parent=144"}],"curies":[{"name":"wp","href":"https:\/\/api.w.org\/{rel}","templated":true}]}}