{"id":142,"date":"2015-02-11T12:46:58","date_gmt":"2015-02-11T11:46:58","guid":{"rendered":"https:\/\/salettiner.ch\/?page_id=142"},"modified":"2018-12-12T08:24:21","modified_gmt":"2018-12-12T07:24:21","slug":"salettiner","status":"publish","type":"page","link":"https:\/\/salettiner.ch\/?page_id=142","title":{"rendered":"Salettiner"},"content":{"rendered":"<div class=\"row\">\n<div class=\"eight columns\">\n<p>Wer sind wir? Wir, die Missionare Unserer Lieben Frau von La Salette (kurz Salettiner), <em>bilden innerhalb des Volkes Gottes eine apostolisch t\u00e4tige Kongregation, die sich dem Dienst der Vers\u00f6hnung widmet.\u00a0<\/em><em>Als Ordensleute, sowohl Patres wie auch Ordensbr\u00fcder, legen wir drei <\/em>\u00f6ffentliche Gel\u00fcbde der Keuschheit, der Armut und des Gehorsams ab und verpflichten uns zum Leben in einer religi\u00f6sen Gemeinschaft (Kommunit\u00e4t).<\/p>\n<p>Unser Charisma der Vers\u00f6hnung ist das Herzst\u00fcck des Evangeliums Christi, der uns durch sein Kreuz und seine Auferstehung mit dem Vater vers\u00f6hnt und uns den Dienst der Vers\u00f6hnung anvertraut hat.<\/p>\n<\/div>\n<div class=\"four columns\">\n<div class=\"img-title\"><a href=\"https:\/\/salettiner.ch\/wp-content\/uploads\/2015\/02\/Unsere-Kongregation-Salettiner-1.jpg\" rel=\"lightbox[142]\"><img decoding=\"async\" loading=\"lazy\" width=\"900\" height=\"1359\" class=\"alignnone size-full wp-image-975\" src=\"https:\/\/salettiner.ch\/wp-content\/uploads\/2015\/02\/Unsere-Kongregation-Salettiner-1.jpg\" alt=\"Unsere-Kongregation---Salettiner---1\" srcset=\"https:\/\/salettiner.ch\/wp-content\/uploads\/2015\/02\/Unsere-Kongregation-Salettiner-1.jpg 900w, https:\/\/salettiner.ch\/wp-content\/uploads\/2015\/02\/Unsere-Kongregation-Salettiner-1-198x300.jpg 198w, https:\/\/salettiner.ch\/wp-content\/uploads\/2015\/02\/Unsere-Kongregation-Salettiner-1-678x1024.jpg 678w\" sizes=\"(max-width: 900px) 100vw, 900px\" \/><\/a>Salettiner in Engerazhofen<\/div>\n<\/div>\n<\/div>\n","protected":false},"excerpt":{"rendered":"<p>Wer sind wir? Wir, die Missionare Unserer Lieben Frau von La Salette (kurz Salettiner), bilden innerhalb des Volkes Gottes eine apostolisch t\u00e4tige Kongregation, die sich dem Dienst der Vers\u00f6hnung widmet.\u00a0Als Ordensleute, sowohl Patres wie auch Ordensbr\u00fcder, legen wir drei \u00f6ffentliche Gel\u00fcbde der Keuschheit, der Armut und des Gehorsams ab und verpflichten uns zum Leben in [&hellip;]<\/p>\n","protected":false},"author":1,"featured_media":0,"parent":11,"menu_order":0,"comment_status":"open","ping_status":"open","template":"","meta":{"_bbp_topic_count":0,"_bbp_reply_count":0,"_bbp_total_topic_count":0,"_bbp_total_reply_count":0,"_bbp_voice_count":0,"_bbp_anonymous_reply_count":0,"_bbp_topic_count_hidden":0,"_bbp_reply_count_hidden":0,"_bbp_forum_subforum_count":0,"_monsterinsights_skip_tracking":false,"_monsterinsights_sitenote_active":false,"_monsterinsights_sitenote_note":"","_monsterinsights_sitenote_category":0},"_links":{"self":[{"href":"https:\/\/salettiner.ch\/index.php?rest_route=\/wp\/v2\/pages\/142"}],"collection":[{"href":"https:\/\/salettiner.ch\/index.php?rest_route=\/wp\/v2\/pages"}],"about":[{"href":"https:\/\/salettiner.ch\/index.php?rest_route=\/wp\/v2\/types\/page"}],"author":[{"embeddable":true,"href":"https:\/\/salettiner.ch\/index.php?rest_route=\/wp\/v2\/users\/1"}],"replies":[{"embeddable":true,"href":"https:\/\/salettiner.ch\/index.php?rest_route=%2Fwp%2Fv2%2Fcomments&post=142"}],"version-history":[{"count":12,"href":"https:\/\/salettiner.ch\/index.php?rest_route=\/wp\/v2\/pages\/142\/revisions"}],"predecessor-version":[{"id":3692,"href":"https:\/\/salettiner.ch\/index.php?rest_route=\/wp\/v2\/pages\/142\/revisions\/3692"}],"up":[{"embeddable":true,"href":"https:\/\/salettiner.ch\/index.php?rest_route=\/wp\/v2\/pages\/11"}],"wp:attachment":[{"href":"https:\/\/salettiner.ch\/index.php?rest_route=%2Fwp%2Fv2%2Fmedia&parent=142"}],"curies":[{"name":"wp","href":"https:\/\/api.w.org\/{rel}","templated":true}]}}