{"id":14,"date":"2015-01-29T12:10:25","date_gmt":"2015-01-29T11:10:25","guid":{"rendered":"https:\/\/salettiner.ch\/?page_id=14"},"modified":"2015-05-15T16:04:41","modified_gmt":"2015-05-15T14:04:41","slug":"schweizer-distrikt","status":"publish","type":"page","link":"https:\/\/salettiner.ch\/?page_id=14","title":{"rendered":"Schweizer Distrikt"},"content":{"rendered":"<div class=\"row\">\n<div class=\"eight columns\">\n<p>Am 2. Februar 2013 wurde die Schweizer Provinz der Salettiner aufgehoben und als Schweizer Distrikt in die Polnische Provinz integriert. Dazu geh\u00f6ren drei Kommunit\u00e4ten: in Balzers, Liechtenstein; in Engerazhofen, Deutschland, und in M\u00f6rschwil, Schweiz. Der Schweizer Distrikt z\u00e4hlt 28 Mitglieder (2015). Er wird vermehrt von den polnischen Mitbr\u00fcdern unterst\u00fctzt.<\/p>\n<p>Dem Distrikt steht der Distriktobere mit dem Sitz in der Unteren Waid, M\u00f6rschwil, vor. Er ist zust\u00e4ndig f\u00fcr die wichtigsten Angelegenheiten der Mitbr\u00fcder und die Koordination der T\u00e4tigkeiten in allen Kommunit\u00e4ten. Der Distriktrat steht ihm zur Seite. Dieser Rat besteht aus den Hausoberen der Kommunit\u00e4ten und dem Distriktverwalter.<\/p>\n<\/div>\n<div class=\"four columns\">\n<div class=\"img-title\"><img decoding=\"async\" loading=\"lazy\" width=\"300\" height=\"184\" class=\"alignnone size-medium wp-image-278\" src=\"https:\/\/salettiner.ch\/wp-content\/uploads\/2015\/01\/schwizer-300x184.jpg\" alt=\"schwizer\" srcset=\"https:\/\/salettiner.ch\/wp-content\/uploads\/2015\/01\/schwizer-300x184.jpg 300w, https:\/\/salettiner.ch\/wp-content\/uploads\/2015\/01\/schwizer.jpg 344w\" sizes=\"(max-width: 300px) 100vw, 300px\" \/><span>Schweizer Distrikt<\/span><\/div>\n<div class=\"img-title\"><img decoding=\"async\" loading=\"lazy\" width=\"300\" height=\"187\" class=\"alignnone size-medium wp-image-279\" src=\"https:\/\/salettiner.ch\/wp-content\/uploads\/2015\/01\/schwizer2-300x187.jpg\" alt=\"schwizer2\" srcset=\"https:\/\/salettiner.ch\/wp-content\/uploads\/2015\/01\/schwizer2-300x187.jpg 300w, https:\/\/salettiner.ch\/wp-content\/uploads\/2015\/01\/schwizer2.jpg 345w\" sizes=\"(max-width: 300px) 100vw, 300px\" \/><span>Schweizer Distrikt<\/span><\/div>\n<\/div>\n<\/div>\n","protected":false},"excerpt":{"rendered":"<p>Am 2. Februar 2013 wurde die Schweizer Provinz der Salettiner aufgehoben und als Schweizer Distrikt in die Polnische Provinz integriert. Dazu geh\u00f6ren drei Kommunit\u00e4ten: in Balzers, Liechtenstein; in Engerazhofen, Deutschland, und in M\u00f6rschwil, Schweiz. Der Schweizer Distrikt z\u00e4hlt 28 Mitglieder (2015). Er wird vermehrt von den polnischen Mitbr\u00fcdern unterst\u00fctzt. Dem Distrikt steht der Distriktobere mit [&hellip;]<\/p>\n","protected":false},"author":1,"featured_media":0,"parent":0,"menu_order":4,"comment_status":"open","ping_status":"open","template":"","meta":{"_bbp_topic_count":0,"_bbp_reply_count":0,"_bbp_total_topic_count":0,"_bbp_total_reply_count":0,"_bbp_voice_count":0,"_bbp_anonymous_reply_count":0,"_bbp_topic_count_hidden":0,"_bbp_reply_count_hidden":0,"_bbp_forum_subforum_count":0,"_monsterinsights_skip_tracking":false,"_monsterinsights_sitenote_active":false,"_monsterinsights_sitenote_note":"","_monsterinsights_sitenote_category":0},"_links":{"self":[{"href":"https:\/\/salettiner.ch\/index.php?rest_route=\/wp\/v2\/pages\/14"}],"collection":[{"href":"https:\/\/salettiner.ch\/index.php?rest_route=\/wp\/v2\/pages"}],"about":[{"href":"https:\/\/salettiner.ch\/index.php?rest_route=\/wp\/v2\/types\/page"}],"author":[{"embeddable":true,"href":"https:\/\/salettiner.ch\/index.php?rest_route=\/wp\/v2\/users\/1"}],"replies":[{"embeddable":true,"href":"https:\/\/salettiner.ch\/index.php?rest_route=%2Fwp%2Fv2%2Fcomments&post=14"}],"version-history":[{"count":14,"href":"https:\/\/salettiner.ch\/index.php?rest_route=\/wp\/v2\/pages\/14\/revisions"}],"predecessor-version":[{"id":1062,"href":"https:\/\/salettiner.ch\/index.php?rest_route=\/wp\/v2\/pages\/14\/revisions\/1062"}],"wp:attachment":[{"href":"https:\/\/salettiner.ch\/index.php?rest_route=%2Fwp%2Fv2%2Fmedia&parent=14"}],"curies":[{"name":"wp","href":"https:\/\/api.w.org\/{rel}","templated":true}]}}