{"id":11,"date":"2015-01-29T12:09:50","date_gmt":"2015-01-29T11:09:50","guid":{"rendered":"https:\/\/salettiner.ch\/?page_id=11"},"modified":"2015-05-05T13:22:20","modified_gmt":"2015-05-05T11:22:20","slug":"unsere-kongregation","status":"publish","type":"page","link":"https:\/\/salettiner.ch\/?page_id=11","title":{"rendered":"Unsere Kongregation"},"content":{"rendered":"<div class=\"row\">\n<div class=\"eight columns\">Im Jahre 1852 rief der Bischof Philibert de Bruillard eine Priestergemeinschaft der Missionare von La Salette ins Leben. Ihre Aufgabe sollte nicht nur darin bestehen, den neuen Wallfahrtsort zu betreuen, sondern auch als Verk\u00fcnder der \u201eBotschaft\u201c im Geist von La Salette zu wirken.In den ersten Missionaren von La Salette reifte der Wunsch, eine Ordensgemeinschaft zu gr\u00fcnden. Er wuchs aus jener geistigen Welt heraus, in der die Patres lebten und wirkten, aus ihrer T\u00e4tigkeit am Heiligtum und vor allem aus der Betrachtung der Erscheinung und ihrer Botschaft.<\/p>\n<p>Die ersten Gel\u00fcbde wurden am 2. Februar 1858 abgelegt. Die Ordensgemeinschaft entschied sich f\u00fcr eine apostolisch-missionarische Ausrichtung. Um die Jahrhundertwende wurden die Patres aus Frankreich vertrieben und suchten nach neuen Wegen des Apostolates. Durch Verk\u00fcndigung, Betreuung von Wallfahrtsorten, religi\u00f6sen Gemeinschaften und Pfarreien, Exerzitien, Jugendbildung und Berufungsf\u00f6rderung stellten sie sich in den Dienst der Ortskirchen und recht bald, durch die \u00dcbernahme von Missionsgebieten, in den Dienst der Weltkirche.<\/p>\n<p>Im Jahre 1890 wird die Ordensgemeinschaft als Marien und Missionskongregation des p\u00e4pstlichen Rechts anerkannt. Heute besteht sie aus neuen Provinzen: Angola, Brasilien, Frankreich, Indien, Italien, Madagaskar, Philippinen, Polen, USA, einer Region: Argentinien und Bolivien, einem Distrikt: Myanmar und einer internationalen Kommunit\u00e4t in La Salette selbst.<\/p>\n<\/div>\n<div class=\"four columns\">\n<div class=\"img-title\"><a href=\"https:\/\/salettiner.ch\/wp-content\/uploads\/2015\/01\/Unsere-Kongregation-Unsere-Kongregation-1.jpg\" rel=\"lightbox[11]\"><img decoding=\"async\" loading=\"lazy\" width=\"900\" height=\"675\" src=\"https:\/\/salettiner.ch\/wp-content\/uploads\/2015\/01\/Unsere-Kongregation-Unsere-Kongregation-1.jpg\" alt=\"Unsere-Kongregation---Unsere-Kongregation---1\"   class=\"alignnone size-full wp-image-971\" srcset=\"https:\/\/salettiner.ch\/wp-content\/uploads\/2015\/01\/Unsere-Kongregation-Unsere-Kongregation-1.jpg 900w, https:\/\/salettiner.ch\/wp-content\/uploads\/2015\/01\/Unsere-Kongregation-Unsere-Kongregation-1-300x225.jpg 300w\" sizes=\"(max-width: 900px) 100vw, 900px\" \/><\/a><span>Unsere Kongregation 1<\/span><\/div>\n<div class=\"img-title\"><a href=\"https:\/\/salettiner.ch\/wp-content\/uploads\/2015\/01\/Unsere-Kongregation-Unsere-Kongregation-2.jpg\" rel=\"lightbox[11]\"><img decoding=\"async\" loading=\"lazy\" width=\"900\" height=\"675\" src=\"https:\/\/salettiner.ch\/wp-content\/uploads\/2015\/01\/Unsere-Kongregation-Unsere-Kongregation-2.jpg\" alt=\"Unsere-Kongregation---Unsere-Kongregation---2\"   class=\"alignnone size-full wp-image-972\" srcset=\"https:\/\/salettiner.ch\/wp-content\/uploads\/2015\/01\/Unsere-Kongregation-Unsere-Kongregation-2.jpg 900w, https:\/\/salettiner.ch\/wp-content\/uploads\/2015\/01\/Unsere-Kongregation-Unsere-Kongregation-2-300x225.jpg 300w\" sizes=\"(max-width: 900px) 100vw, 900px\" \/><\/a><span>Unsere Kongregation 2<\/span><\/div>\n<\/div>\n<\/div>\n","protected":false},"excerpt":{"rendered":"<p>Im Jahre 1852 rief der Bischof Philibert de Bruillard eine Priestergemeinschaft der Missionare von La Salette ins Leben. Ihre Aufgabe sollte nicht nur darin bestehen, den neuen Wallfahrtsort zu betreuen, sondern auch als Verk\u00fcnder der \u201eBotschaft\u201c im Geist von La Salette zu wirken.In den ersten Missionaren von La Salette reifte der Wunsch, eine Ordensgemeinschaft zu [&hellip;]<\/p>\n","protected":false},"author":1,"featured_media":0,"parent":0,"menu_order":3,"comment_status":"open","ping_status":"open","template":"","meta":{"_bbp_topic_count":0,"_bbp_reply_count":0,"_bbp_total_topic_count":0,"_bbp_total_reply_count":0,"_bbp_voice_count":0,"_bbp_anonymous_reply_count":0,"_bbp_topic_count_hidden":0,"_bbp_reply_count_hidden":0,"_bbp_forum_subforum_count":0,"_monsterinsights_skip_tracking":false,"_monsterinsights_sitenote_active":false,"_monsterinsights_sitenote_note":"","_monsterinsights_sitenote_category":0},"_links":{"self":[{"href":"https:\/\/salettiner.ch\/index.php?rest_route=\/wp\/v2\/pages\/11"}],"collection":[{"href":"https:\/\/salettiner.ch\/index.php?rest_route=\/wp\/v2\/pages"}],"about":[{"href":"https:\/\/salettiner.ch\/index.php?rest_route=\/wp\/v2\/types\/page"}],"author":[{"embeddable":true,"href":"https:\/\/salettiner.ch\/index.php?rest_route=\/wp\/v2\/users\/1"}],"replies":[{"embeddable":true,"href":"https:\/\/salettiner.ch\/index.php?rest_route=%2Fwp%2Fv2%2Fcomments&post=11"}],"version-history":[{"count":8,"href":"https:\/\/salettiner.ch\/index.php?rest_route=\/wp\/v2\/pages\/11\/revisions"}],"predecessor-version":[{"id":973,"href":"https:\/\/salettiner.ch\/index.php?rest_route=\/wp\/v2\/pages\/11\/revisions\/973"}],"wp:attachment":[{"href":"https:\/\/salettiner.ch\/index.php?rest_route=%2Fwp%2Fv2%2Fmedia&parent=11"}],"curies":[{"name":"wp","href":"https:\/\/api.w.org\/{rel}","templated":true}]}}